{"id":3235,"date":"2020-10-13T11:01:44","date_gmt":"2020-10-13T15:01:44","guid":{"rendered":"https:\/\/mondep.com\/cfpl\/stage-dun-jour-copy\/"},"modified":"2021-01-25T17:46:46","modified_gmt":"2021-01-25T22:46:46","slug":"sarca","status":"publish","type":"page","link":"https:\/\/mondep.com\/cfpl\/sarca\/","title":{"rendered":"SARCA"},"content":{"rendered":"\r\n<section class=\"sh-section sh-section-be09eb9064ae768968976ea0f7bc94d9 fw-main-row sh-section-visibility-everywhere\">\r\n\t\r\n\t\r\n\t<div class=\"sh-section-container container-fluid section-justify-height\">\r\n\t\t<div class=\"fw-row\">\n\t\r\n<div class=\"sh-column sh-column-588b217bc60c2f743d263b6faed84bd0 fw-col-xs-12 fw-col-sm-6 sh-column-mobile-padding\" >\r\n\r\n\t\r\n\t<div class=\"sh-column-wrapper\">\r\n\t\t\r\n\r\n\t<div class=\"sh-heading sh-heading-style1\" id=\"heading-232ebbd4607578874b0c815eebd5bc63\">\r\n\t\t<h1 class=\"sh-heading-content size-xs\">\r\n\t\t\t<span style=\"text-align: center;\"><strong>Des services pour r\u00e9aliser ses aspirations<\/strong><\/span>\t\t<\/h1>\r\n\t<\/div>\r\n\r\n\r\n<div class=\"sh-empty-space\" id=\"empty-space-fe5dc44334d6f090436bf69fc9de8b53\"><\/div>\r\n\r\n\r\n\t<div class=\"sh-heading sh-heading-style1\" id=\"heading-9779ea944373d476a33817cbc3fc5e6d\">\r\n\t\t<h1 class=\"sh-heading-content size-xl\">\r\n\t\t\t<span style=\"text-align: center;\">SARCA<\/span>\t\t<\/h1>\r\n\t<\/div>\r\n\r\n\r\n<div class=\"sh-empty-space\" id=\"empty-space-aa67209f7b192b8d6a74e8ff1002c2d2\"><\/div>\r\n\r\n<div id=\"text-block-451054a16985aceb277e6678a878d578\" class=\"sh-text-block\">\r\n\t<p style=\"text-align: center;\">Les SARCA sont des services gratuits d\u2019accueil, de r\u00e9f\u00e9rence, de conseils et d\u2019accompagnement destin\u00e9s aux personnes de 16 ans plus. Les intervenants des SARCA proposent de l\u2019aide personnalis\u00e9e et confidentielle, que ce soit pour d\u00e9finir les \u00e9tapes de r\u00e9alisation d\u2019un projet personnel, professionnel ou de formation, ou encore pour obtenir un dipl\u00f4me d\u2019\u00e9tudes, une attestation professionnelle ou faire reconna\u00eetre des acquis.<\/p><p style=\"text-align: center;\">Les SARCA du Centre de services scolaire des Grandes-Seigneuries ont pour objectif de guider et d\u2019orienter toute personne qui souhaite prendre son avenir en main.<\/p><\/div>\r\n\t<\/div>\r\n\r\n\r\n\t\t\r\n\r\n<\/div>\r\n\r\n<div class=\"sh-column sh-column-1416897038e9fe0b4b9f3d968b8eb986 fw-col-xs-12 fw-col-sm-6 sh-column-mobile-padding\" >\r\n\r\n\t\r\n\t<div class=\"sh-column-wrapper\">\r\n\t\t\r\n<div id=\"button-b52f6c316f204f55677886c0494b4cdd\" class=\"sh-button-container  sh-button-style-1\">\r\n\t<div class=\"sh-element-margin\">\r\n\t\t<a href=\"https:\/\/www.csdgs.qc.ca\/sarca\" target=\"_blank\" class=\"sh-button sh-button-large sh-button-icon-left\" rel=\"noopener\">\r\n\r\n\t\t\t\t\t\t\t<span class=\"sh-button-icon\">\r\n\t\t\t\t\t<i class=\"ti-new-window\"><\/i>\r\n\t\t\t\t<\/span>\r\n\t\t\t\r\n\t\t\t\t\t\t\t<span class=\"sh-button-text\">\r\n\t\t\t\t\tCONSULTER LE SITE WEB DU CSDGS\t\t\t\t<\/span>\r\n\t\t\t\r\n\t\t\t\r\n\t\t<\/a>\r\n\t\t\t<\/div>\r\n<\/div>\r\n\t<\/div>\r\n\r\n\r\n\t\t\r\n\r\n<\/div>\r\n<\/div>\n\n\t<\/div>\r\n<\/section>\r\n\n","protected":false},"excerpt":{"rendered":"<p>Des services pour r\u00e9aliser ses aspirations SARCA Les SARCA sont des services gratuits d\u2019accueil, de r\u00e9f\u00e9rence, de conseils et d\u2019accompagnement destin\u00e9s aux personnes de 16 ans plus. Les intervenants des SARCA proposent de l\u2019aide personnalis\u00e9e et confidentielle, que ce soit pour d\u00e9finir les \u00e9tapes de&#8230;<\/p>\n","protected":false},"author":1,"featured_media":0,"parent":0,"menu_order":0,"comment_status":"closed","ping_status":"closed","template":"","meta":{"inline_featured_image":false,"_monsterinsights_skip_tracking":false,"_monsterinsights_sitenote_active":false,"_monsterinsights_sitenote_note":"","_monsterinsights_sitenote_category":0,"footnotes":""},"class_list":["post-3235","page","type-page","status-publish","hentry"],"_links":{"self":[{"href":"https:\/\/mondep.com\/cfpl\/wp-json\/wp\/v2\/pages\/3235","targetHints":{"allow":["GET"]}}],"collection":[{"href":"https:\/\/mondep.com\/cfpl\/wp-json\/wp\/v2\/pages"}],"about":[{"href":"https:\/\/mondep.com\/cfpl\/wp-json\/wp\/v2\/types\/page"}],"author":[{"embeddable":true,"href":"https:\/\/mondep.com\/cfpl\/wp-json\/wp\/v2\/users\/1"}],"replies":[{"embeddable":true,"href":"https:\/\/mondep.com\/cfpl\/wp-json\/wp\/v2\/comments?post=3235"}],"version-history":[{"count":6,"href":"https:\/\/mondep.com\/cfpl\/wp-json\/wp\/v2\/pages\/3235\/revisions"}],"predecessor-version":[{"id":3236,"href":"https:\/\/mondep.com\/cfpl\/wp-json\/wp\/v2\/pages\/3235\/revisions\/3236"}],"wp:attachment":[{"href":"https:\/\/mondep.com\/cfpl\/wp-json\/wp\/v2\/media?parent=3235"}],"curies":[{"name":"wp","href":"https:\/\/api.w.org\/{rel}","templated":true}]}}