{"id":3368,"date":"2020-10-14T15:37:54","date_gmt":"2020-10-14T19:37:54","guid":{"rendered":"https:\/\/mondep.com\/cfpl\/?page_id=3368"},"modified":"2021-12-07T12:45:02","modified_gmt":"2021-12-07T17:45:02","slug":"inscription-stage-dun-jour","status":"publish","type":"page","link":"https:\/\/mondep.com\/cfpl\/inscription-stage-dun-jour\/","title":{"rendered":"Inscription stage d&rsquo;un jour"},"content":{"rendered":"<p>\r\n<section class=\"sh-section sh-section-582d0d30a7c7ddbd7e4bdf0863ea7c69 fw-main-row sh-section-visibility-everywhere\">\r\n\t\r\n\t\r\n\t<div class=\"sh-section-container container\">\r\n\t\t<div class=\"fw-row\">\n\t\r\n<div class=\"sh-column sh-column-e03abbdf91aa486723bdc9672080709e fw-col-xs-12\" >\r\n\r\n\t\r\n\t<div class=\"sh-column-wrapper\">\r\n\t\t\r\n<div id=\"text-block-cb799a927857aad03fc8716fc9325f16\" class=\"sh-text-block\">\r\n\t<p style=\"text-align: center;\">STAGE D\u2019UN JOUR<\/p><h2 style=\"text-align: center;\"><strong>Inscription<\/strong><\/h2><\/div>\r\n\t<\/div>\r\n\r\n\r\n\t\t\r\n\r\n<\/div>\r\n<\/div>\n\n\t<\/div>\r\n<\/section>\r\n\r\n<section class=\"sh-section sh-section-132fcd34dfc35764f29403a44bb64f5c fw-main-row sh-section-visibility-everywhere\">\r\n\t\r\n\t\r\n\t<div class=\"sh-section-container container\">\r\n\t\t<div class=\"fw-row\">\n\t\r\n<div class=\"sh-column sh-column-6b6b03f527f36961962e7e7b54cb716d fw-col-xs-12\" >\r\n\r\n\t\r\n\t<div class=\"sh-column-wrapper\">\r\n\t\t\r\n<div id=\"text-block-f0d64d1cf140cd1affbfdc0389caded7\" class=\"sh-text-block\">\r\n\t<h4>Stages disponibles<\/h4><p>Consultez les diff\u00e9rents stages disponibles par cat\u00e9gories en cliquant sur les options de filtre ci-dessous.<\/p><\/div>\r\n<div class=\"sh-output-html\">\r\n\t<!-- EventON Calendar --><div id='evcal_calendar_704' class='ajde_evcal_calendar boxy color tbg0 boxstyle0 box_2 ajax_loading_cal' ><div id='evcal_head' class='calendar_header ' ><div class='evo_cal_above'><span class='evo-jumper-btn'>Mois suivants<\/span><span class='evo-gototoday-btn' style='display:none' data-mo='4' data-yr='2026' data-dy=''>Mois en cours<\/span><span class='evo-filter-btn show'><em><\/em><\/span><span class='evo-sort-btn'><div class='eventon_sort_line' style='display:none'><p data-val='sort_date' data-type='date' class='evs_btn evo_sort_option evs_hide' >Date<\/p><p data-val='sort_title' data-type='title' class='evs_btn evo_sort_option ' >Titre<\/p><\/div><\/span><\/div><div class='evo_cal_above_content'><div class='evo_j_container' style='display:none'>\r\n\t\t\t\t\t\t<div class='evo_j_months evo_j_dates' data-val='m'>\r\n\t\t\t\t\t\t\t<div class='legend evo_jumper_months'><a data-val='1'  title='Janvier' >Janvier<\/a><a data-val='2'  title='F\u00e9vrier' >F\u00e9vrier<\/a><a data-val='3'  title='Mars' >Mars<\/a><a data-val='4' class=\"current set\" title='Avril' >Avril<\/a><a data-val='5'  title='Mai' >Mai<\/a><a data-val='6'  title='Juin' >Juin<\/a><a data-val='7'  title='Juillet' >Juillet<\/a><a data-val='8'  title='Ao\u00fbt' >Ao\u00fbt<\/a><a data-val='9'  title='Septembre' >Septembre<\/a><a data-val='10'  title='Octobre' >Octobre<\/a><a data-val='11'  title='Novembre' >Novembre<\/a><a data-val='12'  title='D\u00e9cembre' >D\u00e9cembre<\/a><\/div><div class='clear'><\/div><\/div>\r\n\t\t\t\t\t\t\r\n\t\t\t\t\t\t<div class='evo_j_years evo_j_dates' data-val='y'>\r\n\t\t\t\t\t\t\t<p class='legend'><a class='current set' data-val=\"2026\">2026<\/a><\/p><div class='clear'><\/div>\r\n\t\t\t\t\t\t<\/div>\r\n\t\t\t\t\t<\/div>\t\t\t\t\t\r\n\t\t\t\t<div class='evo_search_bar '>\r\n\t\t\t\t\t<div class='evo_search_bar_in' >\r\n\t\t\t\t\t\t<input id='evo_search_bar_in_704' type=\"text\" placeholder='Rechercher un \u00e9v\u00e9nement...' data-role=\"none\"\/>\r\n\t\t\t\t\t\t<a class=\"evosr_search_clear_btn\"><i class=\"fa fa-close\"><\/i><\/a>\r\n\t\t\t\t\t\t<a class=\"evosr_search_btn\"><i class=\"fa fa-search\"><\/i><\/a>\r\n\t\t\t\t\t<\/div>\r\n\t\t\t\t<\/div>\r\n\r\n\t\t\t<\/div><div class='evo_header_title '><p id='evcal_cur' class='evo_month_title'> Avril, 2026<\/p><p class='evo_arrows'><span id='evcal_prev' class='evcal_arrows evcal_btn_prev' ><\/span><span id='evcal_next' class='evcal_arrows evo_arrow_next evcal_btn_next' ><\/span><\/p><\/div><\/div><div class='eventon_sorting_section' style='display:block'><div class='eventon_filter_line selecttype' data-filter_type='select'><div class='eventon_filter evo_sortOpt evo_sortList_event_type' data-filter_field=\"event_type\" data-filter_type=\"tax\" data-filter_val=\"all\" data-fldef=\"all\" data-notvals=\"[]\" data-invals=\"[&quot;all&quot;]\" >\n\t\t\t\t\t\t\t\t\t<p class='filtering_set_val'>Filtres des secteurs \u25be<em class='fa fa-check'><\/em><\/p>\n\t\t\t\t\t\t\t\t\t<div class='eventon_filter_dropdown' style='display:none'><p class='evo_filter_val select all' data-filter_val='all'>Tous<\/p><p class='evo_filter_val event_type_85 select' data-filter_val='85'>Carrosserie automobile<\/p><p class='evo_filter_val event_type_90 select' data-filter_val='90'>Comptabilit\u00e9<\/p><p class='evo_filter_val event_type_86 select' data-filter_val='86'>Conseil et vente de pi\u00e8ces d\u2019\u00e9quipement motoris\u00e9<\/p><p class='evo_filter_val event_type_87 select' data-filter_val='87'>Conseil technique en entretien et r\u00e9paration de v\u00e9hicule<\/p><p class='evo_filter_val event_type_89 select' data-filter_val='89'>Installation et entretien de syst\u00e8mes de s\u00e9curit\u00e9<\/p><p class='evo_filter_val event_type_91 select' data-filter_val='91'>Lancement d\u2019une entreprise<\/p><p class='evo_filter_val event_type_88 select' data-filter_val='88'>M\u00e9canique automobile<\/p><p class='evo_filter_val event_type_92 select' data-filter_val='92'>Secr\u00e9tariat<\/p><p class='evo_filter_val event_type_93 select' data-filter_val='93'>Secr\u00e9tariat m\u00e9dical<\/p><p class='evo_filter_val event_type_83 select' data-filter_val='83'>Serrurerie<\/p><p class='evo_filter_val event_type_94 select' data-filter_val='94'>Vente-conseil et Repr\u00e9sentation<\/p><\/div>\t\n\t\t\t\t\t\t\t<\/div><p class='evo_filter_submit'>Appliquer<\/p><\/div><div class='clear'><\/div><\/div><div id='eventon_loadbar_section'><div id='eventon_loadbar'><\/div><\/div><div class='evo_ajax_load_events'><span><\/span><span><\/span><span><\/span><\/div><!-- Events List --><div id='evcal_list' \r\n\t\t\t\t\tclass='eventon_events_list '>\t\t\t<div class='clear'><\/div>\r\n\t\t\t<\/div>\r\n\t\t\t<div class='clear'><\/div>\r\n\t\t\t<div class='evo_footer_nav '><p id='' class='evo_month_title'> Avril, 2026<\/p><p class='evo_arrows'><span id='evcal_prev' class='evcal_arrows evcal_btn_prev' ><\/span><span id='evcal_next' class='evcal_arrows evo_arrow_next evcal_btn_next' ><\/span><\/p><\/div>\t\t \t<div id='evcal_footer' class='evo_bottom' style='display:none'>\r\n\t\t \t\t<div class='evo_cal_data'  data-sc='{\"accord\":\"yes\",\"bottom_nav\":\"yes\",\"cal_id\":\"\",\"cal_init_nonajax\":\"no\",\"calendar_type\":\"default\",\"ep_fields\":\"\",\"etc_override\":\"yes\",\"evc_open\":\"no\",\"event_count\":0,\"event_location\":\"all\",\"event_order\":\"ASC\",\"event_organizer\":\"all\",\"event_parts\":\"no\",\"event_past_future\":\"all\",\"event_status\":\"all\",\"event_tag\":\"all\",\"event_type\":\"all\",\"event_type_2\":\"all\",\"event_type_3\":\"all\",\"event_type_4\":\"all\",\"event_type_5\":\"all\",\"event_virtual\":\"all\",\"eventtop_date_style\":0,\"eventtop_style\":2,\"exp_jumper\":\"no\",\"exp_so\":\"yes\",\"filter_relationship\":\"AND\",\"filter_show_set_only\":\"no\",\"filter_type\":\"select\",\"filters\":\"yes\",\"fixed_month\":\"4\",\"fixed_year\":\"2026\",\"focus_end_date_range\":\"1777607999\",\"focus_start_date_range\":\"1775016000\",\"ft_event_priority\":\"no\",\"hide_arrows\":\"no\",\"hide_cancels\":\"no\",\"hide_empty_months\":\"no\",\"hide_end_time\":\"no\",\"hide_et_dn\":\"no\",\"hide_et_extra\":\"no\",\"hide_et_tags\":\"no\",\"hide_et_tl\":\"no\",\"hide_ft\":\"no\",\"hide_ft_img\":\"no\",\"hide_month_headers\":\"no\",\"hide_mult_occur\":\"no\",\"hide_past\":\"no\",\"hide_past_by\":\"ss\",\"hide_so\":\"no\",\"ics\":\"no\",\"jumper\":\"yes\",\"jumper_count\":\"1\",\"jumper_offset\":\"2\",\"lang\":\"L1\",\"layout_changer\":\"no\",\"livenow_bar\":\"yes\",\"mapformat\":\"roadmap\",\"mapiconurl\":\"\",\"maps_load\":\"yes\",\"mapscroll\":\"true\",\"mapzoom\":\"18\",\"members_only\":\"no\",\"ml_priority\":\"yes\",\"ml_toend\":\"no\",\"month_incre\":0,\"number_of_months\":\"1\",\"only_ft\":\"no\",\"pec\":\"\",\"s\":\"\",\"search\":\"\",\"search_all\":\"no\",\"sep_month\":\"no\",\"show_et_ft_img\":\"yes\",\"show_limit\":\"no\",\"show_limit_ajax\":\"no\",\"show_limit_paged\":1,\"show_limit_redir\":\"\",\"show_repeats\":\"no\",\"show_rsvp\":\"no\",\"show_search\":\"no\",\"show_upcoming\":0,\"show_year\":\"no\",\"social_share\":\"no\",\"sort_by\":\"sort_date\",\"tile_bg\":0,\"tile_bg_size\":\"full\",\"tile_count\":2,\"tile_height\":0,\"tile_style\":0,\"tiles\":\"yes\",\"ux_val\":\"0\",\"view_switcher\":\"no\",\"wpml_l1\":\"\",\"wpml_l2\":\"\",\"wpml_l3\":\"\",\"yl_priority\":\"no\",\"yl_toend\":\"no\",\"fixed_day\":\"29\",\"_cver\":\"4.5.9\"}' data-od='{\"lang_no_events\":\"Aucun \\u00e9v\\u00e9nement\",\"cal_tz_offset\":-240,\"cal_tz\":\"America\\\/Montreal\"}'><\/div>\r\n\t\t \t\t<div class='evo_cal_events' data-events=\"\"><\/div>\r\n\t\t \t<\/div>\r\n\t\t\t\t\r\n\t\t\t\r\n\t\t\t\t\t\t<\/div><!-- EventON End -->\r\n\t\t\t<\/div>\r\n\t<\/div>\r\n\r\n\r\n\t\t\r\n\r\n<\/div>\r\n<\/div>\n\n\t<\/div>\r\n<\/section>\r\n\r\n<section class=\"sh-section sh-section-654f2b799f1ef25754b04406166fec20 fw-main-row sh-section-visibility-everywhere\">\r\n\t\r\n\t\r\n\t<div class=\"sh-section-container container-fluid\">\r\n\t\t<div class=\"fw-row\">\n\t\r\n<div class=\"sh-column sh-column-e03abbdf91aa486723bdc9672080709e fw-col-xs-12\" >\r\n\r\n\t\r\n\t<div class=\"sh-column-wrapper\">\r\n\t\t\r\n<div id=\"text-block-5298d3a63028ce5b1f5a1f4731b7306f\" class=\"sh-text-block\">\r\n\t<p style=\"text-align: center;\"><em>Vous recevrez un appel t\u00e9l\u00e9phonique de notre part pour confirmer la date de votre rendez-vous.<\/em><\/p><p style=\"text-align: center;\"><strong>Vous devez porter des chaussures ou des bottes avec un embout d\u2019acier afin d\u2019\u00eatre \u00e9l\u00e8ve d\u2019un jour dans l\u2019un des secteurs suivants : Charpenterie \u2013 Menuiserie, Pose de rev\u00eatements de toiture et Pose de syst\u00e8mes int\u00e9rieurs.<\/strong><\/p><\/div>\r\n\t<\/div>\r\n\r\n\r\n\t\t\r\n\r\n<\/div>\r\n<\/div>\n\n\t<\/div>\r\n<\/section>\r\n<\/p>\n","protected":false},"excerpt":{"rendered":"<p>STAGE D\u2019UN JOURInscription Stages disponiblesConsultez les diff\u00e9rents stages disponibles par cat\u00e9gories en cliquant sur les options de filtre ci-dessous. Mois suivantsMois en coursDateTitre JanvierF\u00e9vrierMarsAvrilMaiJuinJuilletAo\u00fbtSeptembreOctobreNovembreD\u00e9cembre 2026 Avril, 2026 Filtres des secteurs \u25be TousCarrosserie automobileComptabilit\u00e9Conseil et vente de pi\u00e8ces d\u2019\u00e9quipement motoris\u00e9Conseil technique en entretien et r\u00e9paration de&#8230;<\/p>\n","protected":false},"author":1,"featured_media":0,"parent":0,"menu_order":0,"comment_status":"closed","ping_status":"closed","template":"","meta":{"inline_featured_image":false,"_monsterinsights_skip_tracking":false,"_monsterinsights_sitenote_active":false,"_monsterinsights_sitenote_note":"","_monsterinsights_sitenote_category":0,"footnotes":""},"class_list":["post-3368","page","type-page","status-publish","hentry"],"_links":{"self":[{"href":"https:\/\/mondep.com\/cfpl\/wp-json\/wp\/v2\/pages\/3368","targetHints":{"allow":["GET"]}}],"collection":[{"href":"https:\/\/mondep.com\/cfpl\/wp-json\/wp\/v2\/pages"}],"about":[{"href":"https:\/\/mondep.com\/cfpl\/wp-json\/wp\/v2\/types\/page"}],"author":[{"embeddable":true,"href":"https:\/\/mondep.com\/cfpl\/wp-json\/wp\/v2\/users\/1"}],"replies":[{"embeddable":true,"href":"https:\/\/mondep.com\/cfpl\/wp-json\/wp\/v2\/comments?post=3368"}],"version-history":[{"count":6,"href":"https:\/\/mondep.com\/cfpl\/wp-json\/wp\/v2\/pages\/3368\/revisions"}],"predecessor-version":[{"id":3985,"href":"https:\/\/mondep.com\/cfpl\/wp-json\/wp\/v2\/pages\/3368\/revisions\/3985"}],"wp:attachment":[{"href":"https:\/\/mondep.com\/cfpl\/wp-json\/wp\/v2\/media?parent=3368"}],"curies":[{"name":"wp","href":"https:\/\/api.w.org\/{rel}","templated":true}]}}