{"id":3569,"date":"2020-11-08T21:40:48","date_gmt":"2020-11-09T02:40:48","guid":{"rendered":"https:\/\/mondep.com\/cfpl\/?page_id=3569"},"modified":"2021-04-12T10:07:44","modified_gmt":"2021-04-12T14:07:44","slug":"nouvelles-evenements","status":"publish","type":"page","link":"https:\/\/mondep.com\/cfpl\/nouvelles-evenements\/","title":{"rendered":"\u00c9v\u00e9nements et nouvelles"},"content":{"rendered":"<p>\r\n<section class=\"sh-section sh-section-3a8dd880e6a13326156d88badd732d30 fw-main-row sh-section-visibility-everywhere\">\r\n\t\r\n\t\r\n\t<div class=\"sh-section-container container\">\r\n\t\t<div class=\"fw-row\">\n\t\r\n<div class=\"sh-column sh-column-332c00e491c0596fdadd0764ca3252a8 fw-col-xs-12\" >\r\n\r\n\t\r\n\t<div class=\"sh-column-wrapper\">\r\n\t\t\r\n\r\n\t<div class=\"sh-heading sh-heading-style1\" id=\"heading-20dd978c667801335109d822230d1390\">\r\n\t\t<h1 class=\"sh-heading-content size-xs\">\r\n\t\t\t<span style=\"text-align: center;\">\u00c0 NE PAS MANQUER<\/span>\t\t<\/h1>\r\n\t<\/div>\r\n\r\n\r\n<div class=\"sh-empty-space\" id=\"empty-space-a5a38510502ba7fe6d2781a19f795273\"><\/div>\r\n\r\n\r\n\t<div class=\"sh-heading sh-heading-style1\" id=\"heading-c5782f51cdf80b8a2c5047a4ab46bbb1\">\r\n\t\t<h1 class=\"sh-heading-content size-xl\">\r\n\t\t\t<span style=\"text-align: center;\">Actualit\u00e9s &amp; \u00c9v\u00e9nements<\/span>\t\t<\/h1>\r\n\t<\/div>\r\n\r\n\t<\/div>\r\n\r\n\r\n\t\t\r\n\r\n<\/div>\r\n<\/div>\n\n<div class=\"fw-row\">\n\t\r\n<div class=\"sh-column sh-column-68b8e7194815aae46b373131762e20bb fw-col-xs-12 sh-column-mobile-padding\" >\r\n\r\n\t\r\n\t<div class=\"sh-column-wrapper\">\r\n\t\t\r\n\r\n\r\n\r\n<div class=\"sh-recent-posts\" id=\"recent-posts-ab6f644ce395bca195b2ba8a72a73e69\" data-id=\"3\">\r\n\r\n\t\t\r\n\t\t<div class=\"sh-filter-blog sh-filter-container sh-portfolio-filter-style3 sh-portfolio-filter-style4\">\r\n\t\t\t<div class=\"sh-filter\">\r\n\t\t\t\t<span class=\"sh-filter-item active\">\r\n\t\t\t\t\t<a href=\"https:\/\/mondep.com\/cfpl\/nouvelles-evenements\/\" class=\"sh-filter-item-content\">\r\n\t\t\t\t\t\tToutes\t\t\t\t\t<\/a>\r\n\t\t\t\t<\/span>\r\n\r\n\t\t\t\t\t\t\t<\/div>\r\n\t\t<\/div>\r\n\t\r\n\t<div class=\"sh-group blog-list blog-style-masonry\">\r\n\t\t\t<\/div>\r\n\r\n\t\t\t\t<\/div>\r\n\r\n<div class=\"sh-empty-space\" id=\"empty-space-06eb69d69bbc77f64dc637f9dce97954\"><\/div>\r\n\t<\/div>\r\n\r\n\r\n\t\t\r\n\r\n<\/div>\r\n<\/div>\n\n\t<\/div>\r\n<\/section>\r\n\r\n<section class=\"sh-section sh-section-70ca968a5956697e24dd7e4122cdcfc5 fw-main-row sh-section-visibility-everywhere\">\r\n\t\r\n\t\r\n\t<div class=\"sh-section-container container-fluid section-justify-height sh-section-mobile-alignment-center\">\r\n\t\t<div class=\"fw-row\">\n\t\r\n<div class=\"sh-column sh-column-0ebad80134030fe3abab5702f22e1e0c fw-col-xs-12 fw-col-sm-2\" >\r\n\r\n\t\r\n\t<div class=\"sh-column-wrapper\">\r\n\t\t\t<\/div>\r\n\r\n\r\n\t\t\r\n\r\n<\/div>\r\n\r\n<div class=\"sh-column sh-column-2e3b14600c8aa62a4213c30920d80e30 fw-col-xs-12 fw-col-sm-4\" >\r\n\r\n\t\r\n\t<div class=\"sh-column-wrapper\">\r\n\t\t\r\n<div class=\"sh-heading  \" id=\"heading-567eabd31ee14762b70a19fcac5592e7\">\r\n\t<div class=\"sh-element-margin\">\r\n\r\n\t\t\r\n\t\t\t<h2 class=\"sh-heading-content size-default text-right\">\r\n\t\t\t\tArchives\t\t\t<\/h2>\r\n\r\n\t\t\r\n\t<\/div>\r\n<\/div>\r\n\r\n<div id=\"text-block-fba615f4be2cb4f8e815fd1397ef10eb\" class=\"sh-text-block\">\r\n\t<p style=\"text-align: right;\">Vous croyez avoir manqu\u00e9 une annonce sur notre fil d'actualit\u00e9s? Consultez alors la liste compl\u00e8te de nos archives ainsi que de nos \u00e9v\u00e9nements qui ont eu lieux.<\/p><\/div>\r\n\t<\/div>\r\n\r\n\r\n\t\t\r\n\r\n<\/div>\r\n\r\n<div class=\"sh-column sh-column-bf7cf2efc72e77f3e50977045cc58098 fw-col-xs-12 fw-col-sm-6\" >\r\n\r\n\t\r\n\t<div class=\"sh-column-wrapper\">\r\n\t\t\r\n<div id=\"button-208e4a5ac9369a3fbeea5fc2cfadc9e6\" class=\"sh-button-container  sh-button-style-1\">\r\n\t<div class=\"sh-element-margin\">\r\n\t\t<a href=\"https:\/\/mondep.com\/cfpl\/actualites\/\" target=\"_self\" class=\"sh-button sh-button-medium sh-button-icon-left\">\r\n\r\n\t\t\t\t\t\t\t<span class=\"sh-button-icon\">\r\n\t\t\t\t\t<i class=\"ti-arrow-circle-right\"><\/i>\r\n\t\t\t\t<\/span>\r\n\t\t\t\r\n\t\t\t\t\t\t\t<span class=\"sh-button-text\">\r\n\t\t\t\t\tConsulter les publications\t\t\t\t<\/span>\r\n\t\t\t\r\n\t\t\t\r\n\t\t<\/a>\r\n\t\t\t<\/div>\r\n<\/div>\r\n\t<\/div>\r\n\r\n\r\n\t\t\r\n\r\n<\/div>\r\n<\/div>\n\n\t<\/div>\r\n<\/section>\r\n<\/p>\n","protected":false},"excerpt":{"rendered":"<p>\u00c0 NE PAS MANQUER Actualit\u00e9s &amp; \u00c9v\u00e9nements Toutes Archives Vous croyez avoir manqu\u00e9 une annonce sur notre fil d&rsquo;actualit\u00e9s? Consultez alors la liste compl\u00e8te de nos archives ainsi que de nos \u00e9v\u00e9nements qui ont eu lieux. Consulter les publications<\/p>\n","protected":false},"author":1,"featured_media":0,"parent":0,"menu_order":0,"comment_status":"closed","ping_status":"closed","template":"","meta":{"inline_featured_image":false,"_monsterinsights_skip_tracking":false,"_monsterinsights_sitenote_active":false,"_monsterinsights_sitenote_note":"","_monsterinsights_sitenote_category":0,"footnotes":""},"class_list":["post-3569","page","type-page","status-publish","hentry"],"_links":{"self":[{"href":"https:\/\/mondep.com\/cfpl\/wp-json\/wp\/v2\/pages\/3569","targetHints":{"allow":["GET"]}}],"collection":[{"href":"https:\/\/mondep.com\/cfpl\/wp-json\/wp\/v2\/pages"}],"about":[{"href":"https:\/\/mondep.com\/cfpl\/wp-json\/wp\/v2\/types\/page"}],"author":[{"embeddable":true,"href":"https:\/\/mondep.com\/cfpl\/wp-json\/wp\/v2\/users\/1"}],"replies":[{"embeddable":true,"href":"https:\/\/mondep.com\/cfpl\/wp-json\/wp\/v2\/comments?post=3569"}],"version-history":[{"count":6,"href":"https:\/\/mondep.com\/cfpl\/wp-json\/wp\/v2\/pages\/3569\/revisions"}],"predecessor-version":[{"id":3596,"href":"https:\/\/mondep.com\/cfpl\/wp-json\/wp\/v2\/pages\/3569\/revisions\/3596"}],"wp:attachment":[{"href":"https:\/\/mondep.com\/cfpl\/wp-json\/wp\/v2\/media?parent=3569"}],"curies":[{"name":"wp","href":"https:\/\/api.w.org\/{rel}","templated":true}]}}