{"id":3672,"date":"2020-11-26T16:06:45","date_gmt":"2020-11-26T21:06:45","guid":{"rendered":"https:\/\/mondep.com\/cfpl\/aide-financiere-copy\/"},"modified":"2021-01-25T17:02:50","modified_gmt":"2021-01-25T22:02:50","slug":"aide-financiere-aux-etudes","status":"publish","type":"page","link":"https:\/\/mondep.com\/cfpl\/aide-financiere-aux-etudes\/","title":{"rendered":"Aide financi\u00e8re aux \u00e9tudes"},"content":{"rendered":"<p>\r\n<section class=\"sh-section sh-section-d263a60677c234b9c537fc5843e26f16 fw-main-row sh-section-visibility-everywhere\">\r\n\t\r\n\t\r\n\t<div class=\"sh-section-container container\">\r\n\t\t<div class=\"fw-row\">\n\t\r\n<div class=\"sh-column sh-column-30c5993688dea71d6ce8b7f4a2e41fe4 fw-col-xs-12\" >\r\n\r\n\t\r\n\t<div class=\"sh-column-wrapper\">\r\n\t\t\r\n\r\n\t<div class=\"sh-heading sh-heading-style1\" id=\"heading-399b8cb0552de1d062035bd9d6415156\">\r\n\t\t<h1 class=\"sh-heading-content size-xs\">\r\n\t\t\t<span style=\"text-align: center;\">AIDE FINANCI\u00c8RE AUX \u00c9TUDES<\/span>\t\t<\/h1>\r\n\t<\/div>\r\n\r\n\r\n<div class=\"sh-empty-space\" id=\"empty-space-ad7efcc78c34ec6c9974578bbc090aed\"><\/div>\r\n\r\n\r\n\t<div class=\"sh-heading sh-heading-style1\" id=\"heading-15edd0f262f99e4e7939e18f670ec4b8\">\r\n\t\t<h1 class=\"sh-heading-content size-xl\">\r\n\t\t\t<span style=\"text-align: center;\">Pr\u00e9sentation du programme d'aide<\/span>\t\t<\/h1>\r\n\t<\/div>\r\n\r\n\r\n<div class=\"sh-empty-space\" id=\"empty-space-5ce539cd6d235dd6f3f6bc932cd0e475\"><\/div>\r\n\r\n<div id=\"text-block-f22afedc415aa024af135ca58c6ad2a3\" class=\"sh-text-block\">\r\n\t<p style=\"text-align: center;\">L\u2019objectif du programme d\u2019aide financi\u00e8re aux \u00e9tudes du minist\u00e8re de l\u2019\u00c9ducation du Qu\u00e9bec est de rendre accessibles les \u00e9tudes aux \u00e9l\u00e8ves d\u00e9sireux de les poursuivre, mais dont les ressources financi\u00e8res sont insuffisantes.<\/p><p style=\"text-align: center;\">\u00c0 cette fin, le gouvernement offre une aide financi\u00e8re qui tient compte des d\u00e9penses normalement encourues par l\u2019\u00e9l\u00e8ve pour poursuivre ses \u00e9tudes et des ressources financi\u00e8res dont il dispose.<\/p><p style=\"text-align: center;\">Ce programme est \u00e0 caract\u00e8re contributif, ce qui signifie que l\u2019\u00e9l\u00e8ve et, s\u2019il y a lieu, ses parents, sa conjointe ou son conjoint ou sa r\u00e9pondante ou son r\u00e9pondant sont les premiers responsables du financement de ses \u00e9tudes.<\/p><p style=\"text-align: center;\">Le pr\u00eat accord\u00e9 est garanti par le gouvernement. Tant que l\u2019\u00e9l\u00e8ve est aux \u00e9tudes \u00e0 temps plein, le gouvernement paie les int\u00e9r\u00eats dus \u00e0 l\u2019\u00e9tablissement financier pr\u00eateur. La bourse n\u2019a pas \u00e0 \u00eatre rembours\u00e9e par l\u2019\u00e9l\u00e8ve.<\/p><\/div>\r\n\t<\/div>\r\n\r\n\r\n\t\t\r\n\r\n<\/div>\r\n<\/div>\n\n\t<\/div>\r\n<\/section>\r\n\r\n<section class=\"sh-section sh-section-be09eb9064ae768968976ea0f7bc94d9 fw-main-row sh-section-visibility-everywhere\">\r\n\t\r\n\t\r\n\t<div class=\"sh-section-container container-fluid\">\r\n\t\t<div class=\"fw-row\">\n\t\r\n<div class=\"sh-column sh-column-588b217bc60c2f743d263b6faed84bd0 fw-col-xs-12 fw-col-sm-6 sh-column-mobile-padding\" >\r\n\r\n\t\r\n\t<div class=\"sh-column-wrapper\">\r\n\t\t\r\n\r\n\t<div class=\"sh-heading sh-heading-style1\" id=\"heading-232ebbd4607578874b0c815eebd5bc63\">\r\n\t\t<h1 class=\"sh-heading-content size-xs\">\r\n\t\t\t<span style=\"text-align: center;\">DEMANDE D'AIDE FINANCI\u00c8RE<\/span>\t\t<\/h1>\r\n\t<\/div>\r\n\r\n\r\n<div class=\"sh-empty-space\" id=\"empty-space-fe5dc44334d6f090436bf69fc9de8b53\"><\/div>\r\n\r\n\r\n\t<div class=\"sh-heading sh-heading-style1\" id=\"heading-9779ea944373d476a33817cbc3fc5e6d\">\r\n\t\t<h1 class=\"sh-heading-content size-xl\">\r\n\t\t\t<span style=\"text-align: center;\">Proc\u00e9dures<\/span>\t\t<\/h1>\r\n\t<\/div>\r\n\r\n\t<\/div>\r\n\r\n\r\n\t\t\r\n\r\n<\/div>\r\n\r\n<div class=\"sh-column sh-column-1416897038e9fe0b4b9f3d968b8eb986 fw-col-xs-12 fw-col-sm-6 sh-column-mobile-padding\" >\r\n\r\n\t\r\n\t<div class=\"sh-column-wrapper\">\r\n\t\t\r\n<div id=\"text-block-451054a16985aceb277e6678a878d578\" class=\"sh-text-block\">\r\n\t<ul><li>L\u2019\u00e9l\u00e8ve compl\u00e8te sa demande d\u2019aide financi\u00e8re en ligne via le site Internet : <a href=\"http:\/\/www.afe.gouv.qc.ca\/\" target=\"_blank\" rel=\"noopener\">afe.gouv.qc.ca<\/a><\/li><li>Il est possible de pr\u00e9senter une demande d\u2019aide financi\u00e8re en tout temps.<\/li><li>N\u2019h\u00e9sitez pas \u00e0 consulter la vid\u00e9o explicative qui d\u00e9crit la d\u00e9marche : <a href=\"http:\/\/www.afe.gouv.qc.ca\/videos-explicatives\/\" target=\"_blank\" rel=\"noopener\">afe.gouv.qc.ca\/videos-explicatives<\/a><\/li><li>Remplissez le formulaire Demande d\u2019aide financi\u00e8re<\/li><li>Consultez votre relev\u00e9 de calcul<\/li><li>Allez chercher votre certificat de garantie, s\u2019il y a lieu<\/li><li>Remplissez le formulaire Confirmation des ressources financi\u00e8res en septembre et en janvier<\/li><li>Remplissez le formulaire D\u00e9claration de changement, s\u2019il y a lieu<\/li><\/ul><\/div>\r\n\t<\/div>\r\n\r\n\r\n\t\t\r\n\r\n<\/div>\r\n<\/div>\n\n\t<\/div>\r\n<\/section>\r\n<\/p>\n","protected":false},"excerpt":{"rendered":"<p>AIDE FINANCI\u00c8RE AUX \u00c9TUDES Pr\u00e9sentation du programme d&rsquo;aide L\u2019objectif du programme d\u2019aide financi\u00e8re aux \u00e9tudes du minist\u00e8re de l\u2019\u00c9ducation du Qu\u00e9bec est de rendre accessibles les \u00e9tudes aux \u00e9l\u00e8ves d\u00e9sireux de les poursuivre, mais dont les ressources financi\u00e8res sont insuffisantes.\u00c0 cette fin, le gouvernement offre&#8230;<\/p>\n","protected":false},"author":1,"featured_media":0,"parent":0,"menu_order":0,"comment_status":"closed","ping_status":"closed","template":"","meta":{"inline_featured_image":false,"_monsterinsights_skip_tracking":false,"_monsterinsights_sitenote_active":false,"_monsterinsights_sitenote_note":"","_monsterinsights_sitenote_category":0,"footnotes":""},"class_list":["post-3672","page","type-page","status-publish","hentry"],"_links":{"self":[{"href":"https:\/\/mondep.com\/cfpl\/wp-json\/wp\/v2\/pages\/3672","targetHints":{"allow":["GET"]}}],"collection":[{"href":"https:\/\/mondep.com\/cfpl\/wp-json\/wp\/v2\/pages"}],"about":[{"href":"https:\/\/mondep.com\/cfpl\/wp-json\/wp\/v2\/types\/page"}],"author":[{"embeddable":true,"href":"https:\/\/mondep.com\/cfpl\/wp-json\/wp\/v2\/users\/1"}],"replies":[{"embeddable":true,"href":"https:\/\/mondep.com\/cfpl\/wp-json\/wp\/v2\/comments?post=3672"}],"version-history":[{"count":5,"href":"https:\/\/mondep.com\/cfpl\/wp-json\/wp\/v2\/pages\/3672\/revisions"}],"predecessor-version":[{"id":3705,"href":"https:\/\/mondep.com\/cfpl\/wp-json\/wp\/v2\/pages\/3672\/revisions\/3705"}],"wp:attachment":[{"href":"https:\/\/mondep.com\/cfpl\/wp-json\/wp\/v2\/media?parent=3672"}],"curies":[{"name":"wp","href":"https:\/\/api.w.org\/{rel}","templated":true}]}}