{"id":3728,"date":"2020-12-07T22:57:37","date_gmt":"2020-12-08T03:57:37","guid":{"rendered":"https:\/\/mondep.com\/cfpl\/admission-copy\/"},"modified":"2025-04-10T14:41:51","modified_gmt":"2025-04-10T18:41:51","slug":"nous-joindre","status":"publish","type":"page","link":"https:\/\/mondep.com\/cfpl\/nous-joindre\/","title":{"rendered":"Nous joindre"},"content":{"rendered":"<p>\r\n<section class=\"sh-section sh-section-176ed95ca62258faef4f58ddfd0ceb8e fw-main-row sh-section-visibility-desktop\">\r\n\t\r\n\t\r\n\t<div class=\"sh-section-container container-fluid section-justify-height section-justify-height-only sh-section-mobile-alignment-center\">\r\n\t\t<div class=\"fw-row\">\n\t\r\n<div class=\"sh-column sh-column-2cb9a4d570e9866dd5fa703497c09d09 fw-col-xs-12 fw-col-sm-8\" >\r\n\r\n\t\r\n\t<div class=\"sh-column-wrapper\">\r\n\t\t<div class=\"sh-output-html\">\r\n\t<iframe src=\"https:\/\/www.google.com\/maps\/embed?pb=!1m14!1m8!1m3!1d11204.958256828968!2d-73.5046452!3d45.4045085!3m2!1i1024!2i768!4f13.1!3m3!1m2!1s0x0%3A0xa978c0dbc71cfaeb!2sCentre%20de%20formation%20Comp%C3%A9tence%20Rive-Sud!5e0!3m2!1sfr!2sca!4v1607400200078!5m2!1sfr!2sca\" width=\"1000\" height=\"800\" frameborder=\"0\" style=\"border:0;\" allowfullscreen=\"\" aria-hidden=\"false\" tabindex=\"0\"><\/iframe><\/div>\r\n\t<\/div>\r\n\r\n\r\n\t\t\r\n\r\n<\/div>\r\n\r\n<div class=\"sh-column sh-column-acc5368c7d5a98c2f0acf65b81b1c7d1 fw-col-xs-12 fw-col-sm-4\" >\r\n\r\n\t\r\n\t<div class=\"sh-column-wrapper\">\r\n\t\t\r\n<div class=\"sh-empty-space\" id=\"empty-space-8daedbac6a0f20fbe4c53c4b78f06636\"><\/div>\r\n\r\n<div id=\"text-block-b307077aecf4e60e4f59fd98b1caeb09\" class=\"sh-text-block\">\r\n\t<p style=\"letter-spacing: 6px; text-align: left;\">NOUS JOINDRE<\/p><h2 style=\"text-align: left;\"><strong><span style=\"font-size: 36px;\">Nos coordonn\u00e9es<\/span><\/strong><\/h2><\/div>\r\n\r\n<div class=\"sh-empty-space\" id=\"empty-space-ffe51d69483cd902ee7c8d6e5f6d0b51\"><\/div>\r\n\r\n<div id=\"icon-group-01a00c298c23ba117d2a8c2ef5bc8306\" class=\"sh-icon-group sh-icon-group-left sh-icon-group-style3\">\r\n\t\r\n\t\t\t<div class=\"sh-icon-group-item\">\r\n\t\t\t\t<div class=\"sh-icon-group-item-container\">\r\n\t\t\t\t\t\r\n\t\t\t\t\t\t<i class=\"icon-location-pin\"><\/i>\r\n\r\n\t\t\t\t\t\t\t\t\t<\/div>\r\n\t\t\t<\/div>\r\n\r\n\t<\/div>\r\n\r\n<div id=\"text-block-eae85f171f35ec09bee7d63a74d9f1f1\" class=\"sh-text-block\">\r\n\t<h3 class=\"\" style=\"text-align: left;\">Adresse et directions routi\u00e8res<\/h3><p><strong>Centre de formation professionnelle<\/strong><br \/><strong> \u00e0 La Prairie<\/strong><br \/>399, rue Conrad-Pelletier<br \/>La Prairie (Qu\u00e9bec) J5R 4V1<\/p><p>Via l'autoroute 15 (route 132) : sortie 46 (Salaberry)<br \/>Via l'autoroute 30 : sortie 104 (chemin Saint-Jean)<\/p><\/div>\r\n\r\n<div id=\"icon-group-2d86101110c6a6cd4cb97fe66174b6d0\" class=\"sh-icon-group sh-icon-group-left sh-icon-group-style3\">\r\n\t\r\n\t\t\t<div class=\"sh-icon-group-item\">\r\n\t\t\t\t<div class=\"sh-icon-group-item-container\">\r\n\t\t\t\t\t\r\n\t\t\t\t\t\t<i class=\"icon-phone\"><\/i>\r\n\r\n\t\t\t\t\t\t\t\t\t<\/div>\r\n\t\t\t<\/div>\r\n\r\n\t<\/div>\r\n\r\n<div id=\"text-block-a3ff3e1f842c465b766883b3d6e5cb92\" class=\"sh-text-block\">\r\n\t<h3>T\u00e9l\u00e9phone<\/h3><p>T\u00e9l\u00e9phone:\u00a0<a href=\"tel:5143808899\">514 380-8899<\/a>, poste 4851<br \/>T\u00e9l\u00e9copieur: 450 659-2315<\/p><\/div>\r\n\r\n<div id=\"icon-group-959e3e009d7cb8ea3043b37cb078173f\" class=\"sh-icon-group sh-icon-group-left sh-icon-group-style3\">\r\n\t\r\n\t\t\t<div class=\"sh-icon-group-item\">\r\n\t\t\t\t<div class=\"sh-icon-group-item-container\">\r\n\t\t\t\t\t\r\n\t\t\t\t\t\t<i class=\"ti-email\"><\/i>\r\n\r\n\t\t\t\t\t\t\t\t\t<\/div>\r\n\t\t\t<\/div>\r\n\r\n\t<\/div>\r\n\r\n<div id=\"text-block-71194d237f58705fbe333ecf003084c6\" class=\"sh-text-block\">\r\n\t<h3>Courriel<\/h3><p><a href=\"mailto:cfpl@cssdgs.gouv.qc.ca\">cfpl@cssdgs.gouv.qc.ca<\/a><\/p><\/div>\r\n\r\n<div class=\"sh-empty-space\" id=\"empty-space-6ded15c4ea287b08be625c897630ace6\"><\/div>\r\n\t<\/div>\r\n\r\n\r\n\t\t\r\n\r\n<\/div>\r\n<\/div>\n\n\t<\/div>\r\n<\/section>\r\n\r\n<section class=\"sh-section sh-section-19da7ed2d6574c8da3eb2042f2be5113 fw-main-row sh-section-visibility-mobile\">\r\n\t\r\n\t\r\n\t<div class=\"sh-section-container container-fluid section-justify-height section-justify-height-only\">\r\n\t\t<div class=\"fw-row\">\n\t\r\n<div class=\"sh-column sh-column-0d39737dbb71876bd3a7109661cc4743 fw-col-xs-12 fw-col-sm-4\" >\r\n\r\n\t\r\n\t<div class=\"sh-column-wrapper\">\r\n\t\t\r\n<div class=\"sh-empty-space\" id=\"empty-space-3adb3071d269c4706f950ea5ce1f09ea\"><\/div>\r\n\r\n<div id=\"text-block-e592f4bbead8f7c6248d478b0a8aa7bd\" class=\"sh-text-block\">\r\n\t<p style=\"letter-spacing: 6px; text-align: left;\">NOUS JOINDRE<\/p><h2 style=\"text-align: left;\"><strong><span style=\"font-size: 36px;\">Nos coordonn\u00e9es<\/span><\/strong><\/h2><\/div>\r\n\r\n<div class=\"sh-empty-space\" id=\"empty-space-86b7f615e9d878e82edadfff23ee7469\"><\/div>\r\n\r\n<div id=\"icon-group-b65f0d189296f26d477d0396e1e5354a\" class=\"sh-icon-group sh-icon-group-left sh-icon-group-style3\">\r\n\t\r\n\t\t\t<div class=\"sh-icon-group-item\">\r\n\t\t\t\t<div class=\"sh-icon-group-item-container\">\r\n\t\t\t\t\t\r\n\t\t\t\t\t\t<i class=\"icon-location-pin\"><\/i>\r\n\r\n\t\t\t\t\t\t\t\t\t<\/div>\r\n\t\t\t<\/div>\r\n\r\n\t<\/div>\r\n\r\n<div id=\"text-block-47aa088808e02d4a04fa3c8dff00e9f4\" class=\"sh-text-block\">\r\n\t<h3 class=\"\" style=\"text-align: left;\">Adresse et directions routi\u00e8res<\/h3><p><strong>Centre de formation professionnelle<\/strong><br \/><strong> \u00e0 La Prairie<\/strong><br \/>399, rue Conrad-Pelletier<br \/>La Prairie (Qu\u00e9bec) J5R 4V1<\/p><p>Via l'autoroute 15 (route 132) : sortie 46 (Salaberry)<br \/>Via l'autoroute 30 : sortie 104 (chemin Saint-Jean)<\/p><\/div>\r\n\r\n<div id=\"icon-group-b4237b60e8e865329c0b876a424da5f5\" class=\"sh-icon-group sh-icon-group-left sh-icon-group-style3\">\r\n\t\r\n\t\t\t<div class=\"sh-icon-group-item\">\r\n\t\t\t\t<div class=\"sh-icon-group-item-container\">\r\n\t\t\t\t\t\r\n\t\t\t\t\t\t<i class=\"icon-phone\"><\/i>\r\n\r\n\t\t\t\t\t\t\t\t\t<\/div>\r\n\t\t\t<\/div>\r\n\r\n\t<\/div>\r\n\r\n<div id=\"text-block-bed9f939d57e35fe0c9e5f3f5c117d93\" class=\"sh-text-block\">\r\n\t<h3>T\u00e9l\u00e9phone<\/h3><p>T\u00e9l\u00e9phone:\u00a0<a href=\"tel:5143808899\">514 380-8899<\/a>, poste 4851<br \/>T\u00e9l\u00e9copieur: 450 659-2315<\/p><\/div>\r\n\r\n<div id=\"icon-group-fa081e00051d4e57e0840bf3348349cc\" class=\"sh-icon-group sh-icon-group-left sh-icon-group-style3\">\r\n\t\r\n\t\t\t<div class=\"sh-icon-group-item\">\r\n\t\t\t\t<div class=\"sh-icon-group-item-container\">\r\n\t\t\t\t\t\r\n\t\t\t\t\t\t<i class=\"ti-email\"><\/i>\r\n\r\n\t\t\t\t\t\t\t\t\t<\/div>\r\n\t\t\t<\/div>\r\n\r\n\t<\/div>\r\n\r\n<div id=\"text-block-55cab6c9835ca049e3e8e92ba2a687b2\" class=\"sh-text-block\">\r\n\t<h3>Courriel<\/h3><p><a href=\"mailto:competencers@csdgs.qc.ca\">competencers@csdgs.qc.ca<\/a><\/p><\/div>\r\n\r\n<div class=\"sh-empty-space\" id=\"empty-space-eb3f62d44a55d4749f9cf8ae812c3fb6\"><\/div>\r\n\t<\/div>\r\n\r\n\r\n\t\t\r\n\r\n<\/div>\r\n\r\n<div class=\"sh-column sh-column-d720892dc4b57063e974d1f6ae68583d fw-col-xs-12 fw-col-sm-8\" >\r\n\r\n\t\r\n\t<div class=\"sh-column-wrapper\">\r\n\t\t<div class=\"sh-output-html\">\r\n\t<iframe src=\"https:\/\/www.google.com\/maps\/embed?pb=!1m14!1m8!1m3!1d11204.958256828968!2d-73.5046452!3d45.4045085!3m2!1i1024!2i768!4f13.1!3m3!1m2!1s0x0%3A0xa978c0dbc71cfaeb!2sCentre%20de%20formation%20Comp%C3%A9tence%20Rive-Sud!5e0!3m2!1sfr!2sca!4v1607400200078!5m2!1sfr!2sca\" width=\"1000\" height=\"800\" frameborder=\"0\" style=\"border:0;\" allowfullscreen=\"\" aria-hidden=\"false\" tabindex=\"0\"><\/iframe><\/div>\r\n\t<\/div>\r\n\r\n\r\n\t\t\r\n\r\n<\/div>\r\n<\/div>\n\n\t<\/div>\r\n<\/section>\r\n\r\n<section class=\"sh-section sh-section-b1af7f04bb9d807fc5d6492f78f4e38a fw-main-row sh-section-visibility-everywhere\">\r\n\t\r\n\t\r\n\t<div class=\"sh-section-container container\">\r\n\t\t<div class=\"fw-row\">\n\t\r\n<div class=\"sh-column sh-column-8ba1b59f14301956d6ce22593998198a fw-col-xs-12\" >\r\n\r\n\t\r\n\t<div class=\"sh-column-wrapper\">\r\n\t\t\r\n<div id=\"text-block-f489840543d11ce4000dd0a515653b64\" class=\"sh-text-block\">\r\n\t<p style=\"text-align: center;\">INDICATIONS<\/p><h2 style=\"text-align: center;\"><strong>Transport en autobus<\/strong><\/h2><\/div>\r\n\r\n<div id=\"text-block-7dfb52351a649b4eb9b3d8036fa07ce5\" class=\"sh-text-block\">\r\n\t<table border=\"0\" width=\"100%\" cellspacing=\"0\" cellpadding=\"0\"><tbody><tr><td width=\"60\"><b>Cours de jour ALLER<\/b><\/td><td width=\"40\"><b>Circuit 321 + 21<\/b><\/td><\/tr><tr><td width=\"60\"><strong>D\u00c9PART\u00a0<\/strong>Terminus Centre-ville de MTL<\/td><td width=\"40\">06h57<\/td><\/tr><tr><td width=\"60\"><strong>D\u00c9PART\u00a0<\/strong>Terminus Panama de Brossard<\/td><td width=\"40\">07h14<\/td><\/tr><tr><td width=\"60\"><strong>D\u00c9PART\u00a0<\/strong>Parc incitatif de La Prairie<\/td><td width=\"40\">07h46<\/td><\/tr><tr><td width=\"60\"><strong>ARRIV\u00c9E\u00a0<\/strong>Taschereau et Conrad-Pelletier<\/td><td width=\"40\">07h52<\/td><\/tr><\/tbody><\/table><\/div>\r\n\r\n<div id=\"text-block-b7f2ca64672fcb23bebbebcc40654be0\" class=\"sh-text-block\">\r\n\t<table border=\"0\" width=\"100%\" cellspacing=\"0\" cellpadding=\"0\"><tbody><tr><td width=\"60\"><b>Cours de soir ALLER<\/b><\/td><td width=\"40\"><b>Circuit 321 + 29<\/b><\/td><\/tr><tr><td width=\"60\"><strong>D\u00c9PART\u00a0<\/strong>Terminus Centre-ville de MTL<\/td><td width=\"40\">14h02 ou 14h41<\/td><\/tr><tr><td width=\"60\"><strong>D\u00c9PART <\/strong>Parc incitatif de La Prairie<\/td><td width=\"40\">14h30 ou15h09<\/td><\/tr><tr><td width=\"60\"><strong>ARRIV\u00c9E\u00a0<\/strong>\u00c9cole La Magdeleine<\/td><td width=\"40\">14h41 ou 15h20<\/td><\/tr><\/tbody><\/table><\/div>\r\n\r\n<div class=\"sh-empty-space\" id=\"empty-space-36fb99fb8bff4996d3b564f79ee9bc6a\"><\/div>\r\n\r\n<div id=\"text-block-8d61894e6f2d2f97f2c1f5a55a9e453a\" class=\"sh-text-block\">\r\n\t<div class=\"wpb_text_column wpb_content_element \"><div class=\"wpb_wrapper\"><p style=\"text-align: center;\">Les indications ci-dessus sont \u00e0 titre indicatif seulement et peuvent s\u2019av\u00e9rer injustes.<\/p><p style=\"text-align: center;\">Veuillez prendre note que le transport des usagers entre les municipalit\u00e9s de La Prairie, Candiac et Saint-Philippe est gratuit.<\/p><p style=\"text-align: center;\">CONSULTEZ LE SITE du CIT le Richelain pour tous les horaires d\u2019autobus :<br \/><a href=\"http:\/\/www.citrichelain.com\/Default.aspx\/\" target=\"_blank\" rel=\"noopener noreferrer\">citrichelain.com<\/a>\u00a0ou composez le :\u00a0<a href=\"tel:5148776003\">514 877-6003<\/a><\/p><\/div><\/div><p style=\"text-align: center;\"><\/div>\r\n\t<\/div>\r\n\r\n\r\n\t\t\r\n\r\n<\/div>\r\n<\/div>\n\n\t<\/div>\r\n<\/section>\r\n\r\n<section class=\"sh-section sh-section-64e0e79c3eeb0e8c24683495b3415e64 fw-main-row sh-section-visibility-everywhere\">\r\n\t\r\n\t\r\n\t<div class=\"sh-section-container container-fluid\">\r\n\t\t<div class=\"fw-row\">\n\t\r\n<div class=\"sh-column sh-column-bf2dd942d4015e0f003c9ba364cdb544 fw-col-xs-12 fw-col-sm-2\" >\r\n\r\n\t\r\n\t<div class=\"sh-column-wrapper\">\r\n\t\t\t<\/div>\r\n\r\n\r\n\t\t\r\n\r\n<\/div>\r\n\r\n<div class=\"sh-column sh-column-a5d49edb9f208bd38d5278a59915527a fw-col-xs-12 fw-col-sm-8\" >\r\n\r\n\t\r\n\t<div class=\"sh-column-wrapper\">\r\n\t\t\r\n<div id=\"text-block-0fa259cef5e1bea57c2f8b5066714365\" class=\"sh-text-block\">\r\n\t<p style=\"text-align: center;\">NOUS JOINDRE<\/p><h2 style=\"text-align: center;\"><strong>Formulaire de contact<\/strong><\/h2><\/div>\r\n<div class=\"sh-output-html\">\r\n\t<script type=\"text\/javascript\">\n\/* <![CDATA[ *\/\nvar gform;gform||(document.addEventListener(\"gform_main_scripts_loaded\",function(){gform.scriptsLoaded=!0}),document.addEventListener(\"gform\/theme\/scripts_loaded\",function(){gform.themeScriptsLoaded=!0}),window.addEventListener(\"DOMContentLoaded\",function(){gform.domLoaded=!0}),gform={domLoaded:!1,scriptsLoaded:!1,themeScriptsLoaded:!1,isFormEditor:()=>\"function\"==typeof InitializeEditor,callIfLoaded:function(o){return!(!gform.domLoaded||!gform.scriptsLoaded||!gform.themeScriptsLoaded&&!gform.isFormEditor()||(gform.isFormEditor()&&console.warn(\"The use of gform.initializeOnLoaded() is deprecated in the form editor context and will be removed in Gravity Forms 3.1.\"),o(),0))},initializeOnLoaded:function(o){gform.callIfLoaded(o)||(document.addEventListener(\"gform_main_scripts_loaded\",()=>{gform.scriptsLoaded=!0,gform.callIfLoaded(o)}),document.addEventListener(\"gform\/theme\/scripts_loaded\",()=>{gform.themeScriptsLoaded=!0,gform.callIfLoaded(o)}),window.addEventListener(\"DOMContentLoaded\",()=>{gform.domLoaded=!0,gform.callIfLoaded(o)}))},hooks:{action:{},filter:{}},addAction:function(o,r,e,t){gform.addHook(\"action\",o,r,e,t)},addFilter:function(o,r,e,t){gform.addHook(\"filter\",o,r,e,t)},doAction:function(o){gform.doHook(\"action\",o,arguments)},applyFilters:function(o){return gform.doHook(\"filter\",o,arguments)},removeAction:function(o,r){gform.removeHook(\"action\",o,r)},removeFilter:function(o,r,e){gform.removeHook(\"filter\",o,r,e)},addHook:function(o,r,e,t,n){null==gform.hooks[o][r]&&(gform.hooks[o][r]=[]);var d=gform.hooks[o][r];null==n&&(n=r+\"_\"+d.length),gform.hooks[o][r].push({tag:n,callable:e,priority:t=null==t?10:t})},doHook:function(r,o,e){var t;if(e=Array.prototype.slice.call(e,1),null!=gform.hooks[r][o]&&((o=gform.hooks[r][o]).sort(function(o,r){return o.priority-r.priority}),o.forEach(function(o){\"function\"!=typeof(t=o.callable)&&(t=window[t]),\"action\"==r?t.apply(null,e):e[0]=t.apply(null,e)})),\"filter\"==r)return e[0]},removeHook:function(o,r,t,n){var e;null!=gform.hooks[o][r]&&(e=(e=gform.hooks[o][r]).filter(function(o,r,e){return!!(null!=n&&n!=o.tag||null!=t&&t!=o.priority)}),gform.hooks[o][r]=e)}});\n\/* ]]> *\/\n<\/script>\n\n                <div class='gf_browser_gecko gform_wrapper gform_legacy_markup_wrapper gform-theme--no-framework' data-form-theme='legacy' data-form-index='0' id='gform_wrapper_5' ><div id='gf_5' class='gform_anchor' tabindex='-1'><\/div><form method='post' enctype='multipart\/form-data'  id='gform_5'  action='\/cfpl\/wp-json\/wp\/v2\/pages\/3728#gf_5' data-formid='5' novalidate>\n                        <div class='gform-body gform_body'><ul id='gform_fields_5' class='gform_fields top_label form_sublabel_below description_below validation_below'><li id=\"field_5_4\" class=\"gfield gfield--type-honeypot gform_validation_container field_sublabel_below gfield--has-description field_description_below field_validation_below gfield_visibility_visible\"  ><label class='gfield_label gform-field-label' for='input_5_4'>URL<\/label><div class='ginput_container'><input name='input_4' id='input_5_4' type='text' value='' autocomplete='new-password'\/><\/div><div class='gfield_description' id='gfield_description_5_4'>Ce champ n\u2019est utilis\u00e9 qu\u2019\u00e0 des fins de validation et devrait rester inchang\u00e9.<\/div><\/li><li id=\"field_5_1\" class=\"gfield gfield--type-name gfield_contains_required field_sublabel_below gfield--no-description field_description_below field_validation_below gfield_visibility_visible\"  ><label class='gfield_label gform-field-label gfield_label_before_complex' >Nom<span class=\"gfield_required\"><span class=\"gfield_required gfield_required_asterisk\">*<\/span><\/span><\/label><div class='ginput_complex ginput_container ginput_container--name no_prefix has_first_name no_middle_name has_last_name no_suffix gf_name_has_2 ginput_container_name gform-grid-row' id='input_5_1'>\n                            \n                            <span id='input_5_1_3_container' class='name_first gform-grid-col gform-grid-col--size-auto' >\n                                                    <input type='text' name='input_1.3' id='input_5_1_3' value=''   aria-required='true'     \/>\n                                                    <label for='input_5_1_3' class='gform-field-label gform-field-label--type-sub '>Pr\u00e9nom<\/label>\n                                                <\/span>\n                            \n                            <span id='input_5_1_6_container' class='name_last gform-grid-col gform-grid-col--size-auto' >\n                                                    <input type='text' name='input_1.6' id='input_5_1_6' value=''   aria-required='true'     \/>\n                                                    <label for='input_5_1_6' class='gform-field-label gform-field-label--type-sub '>Nom<\/label>\n                                                <\/span>\n                            \n                        <\/div><\/li><li id=\"field_5_2\" class=\"gfield gfield--type-email gfield_contains_required field_sublabel_below gfield--no-description field_description_below field_validation_below gfield_visibility_visible\"  ><label class='gfield_label gform-field-label' for='input_5_2'>Courriel<span class=\"gfield_required\"><span class=\"gfield_required gfield_required_asterisk\">*<\/span><\/span><\/label><div class='ginput_container ginput_container_email'>\n                            <input name='input_2' id='input_5_2' type='email' value='' class='medium'    aria-required=\"true\" aria-invalid=\"false\"  \/>\n                        <\/div><\/li><li id=\"field_5_3\" class=\"gfield gfield--type-textarea gfield_contains_required field_sublabel_below gfield--no-description field_description_below field_validation_below gfield_visibility_visible\"  ><label class='gfield_label gform-field-label' for='input_5_3'>Message<span class=\"gfield_required\"><span class=\"gfield_required gfield_required_asterisk\">*<\/span><\/span><\/label><div class='ginput_container ginput_container_textarea'><textarea name='input_3' id='input_5_3' class='textarea medium'     aria-required=\"true\" aria-invalid=\"false\"   rows='10' cols='50'><\/textarea><\/div><\/li><\/ul><\/div>\n        <div class='gform-footer gform_footer top_label'> <input type='submit' id='gform_submit_button_5' class='gform_button button' onclick='gform.submission.handleButtonClick(this);' data-submission-type='submit' value='Envoyer'  \/> \n            <input type='hidden' class='gform_hidden' name='gform_submission_method' data-js='gform_submission_method_5' value='postback' \/>\n            <input type='hidden' class='gform_hidden' name='gform_theme' data-js='gform_theme_5' id='gform_theme_5' value='legacy' \/>\n            <input type='hidden' class='gform_hidden' name='gform_style_settings' data-js='gform_style_settings_5' id='gform_style_settings_5' value='[]' \/>\n            <input type='hidden' class='gform_hidden' name='is_submit_5' value='1' \/>\n            <input type='hidden' class='gform_hidden' name='gform_submit' value='5' \/>\n            \n            <input type='hidden' class='gform_hidden' name='gform_currency' data-currency='CAD' value='t1jdNlyGlDwHQupiw0koxzr+BuazPAahd7n+QjmOO8gDCPQTooDmHL\/CFF0+2pDFEd3YdJ98qOnuaqcnMbOhlhn1dwWH5JVTPxClQvDTDTQeNi0=' \/>\n            <input type='hidden' class='gform_hidden' name='gform_unique_id' value='' \/>\n            <input type='hidden' class='gform_hidden' name='state_5' value='WyJbXSIsImJhZmY3ZWUwNTE3MzcxNzU4YzRkY2Q0NzY0NWJhZTZmIl0=' \/>\n            <input type='hidden' autocomplete='off' class='gform_hidden' name='gform_target_page_number_5' id='gform_target_page_number_5' value='0' \/>\n            <input type='hidden' autocomplete='off' class='gform_hidden' name='gform_source_page_number_5' id='gform_source_page_number_5' value='1' \/>\n            <input type='hidden' name='gform_field_values' value='' \/>\n            \n        <\/div>\n                        <\/form>\n                        <\/div><script type=\"text\/javascript\">\n\/* <![CDATA[ *\/\n gform.initializeOnLoaded( function() {gformInitSpinner( 5, 'https:\/\/mondep.com\/cfpl\/wp-content\/plugins\/gravityforms\/images\/spinner.svg', true );jQuery('#gform_ajax_frame_5').on('load',function(){var contents = jQuery(this).contents().find('*').html();var is_postback = contents.indexOf('GF_AJAX_POSTBACK') >= 0;if(!is_postback){return;}var form_content = jQuery(this).contents().find('#gform_wrapper_5');var is_confirmation = jQuery(this).contents().find('#gform_confirmation_wrapper_5').length > 0;var is_redirect = contents.indexOf('gformRedirect(){') >= 0;var is_form = form_content.length > 0 && ! is_redirect && ! is_confirmation;var mt = parseInt(jQuery('html').css('margin-top'), 10) + parseInt(jQuery('body').css('margin-top'), 10) + 100;if(is_form){jQuery('#gform_wrapper_5').html(form_content.html());if(form_content.hasClass('gform_validation_error')){jQuery('#gform_wrapper_5').addClass('gform_validation_error');} else {jQuery('#gform_wrapper_5').removeClass('gform_validation_error');}setTimeout( function() { \/* delay the scroll by 50 milliseconds to fix a bug in chrome *\/ jQuery(document).scrollTop(jQuery('#gform_wrapper_5').offset().top - mt); }, 50 );if(window['gformInitDatepicker']) {gformInitDatepicker();}if(window['gformInitPriceFields']) {gformInitPriceFields();}var current_page = jQuery('#gform_source_page_number_5').val();gformInitSpinner( 5, 'https:\/\/mondep.com\/cfpl\/wp-content\/plugins\/gravityforms\/images\/spinner.svg', true );jQuery(document).trigger('gform_page_loaded', [5, current_page]);window['gf_submitting_5'] = false;}else if(!is_redirect){var confirmation_content = jQuery(this).contents().find('.GF_AJAX_POSTBACK').html();if(!confirmation_content){confirmation_content = contents;}jQuery('#gform_wrapper_5').replaceWith(confirmation_content);jQuery(document).scrollTop(jQuery('#gf_5').offset().top - mt);jQuery(document).trigger('gform_confirmation_loaded', [5]);window['gf_submitting_5'] = false;wp.a11y.speak(jQuery('#gform_confirmation_message_5').text());}else{jQuery('#gform_5').append(contents);if(window['gformRedirect']) {gformRedirect();}}jQuery(document).trigger(\"gform_pre_post_render\", [{ formId: \"5\", currentPage: \"current_page\", abort: function() { this.preventDefault(); } }]);        if (event && event.defaultPrevented) {                return;        }        const gformWrapperDiv = document.getElementById( \"gform_wrapper_5\" );        if ( gformWrapperDiv ) {            const visibilitySpan = document.createElement( \"span\" );            visibilitySpan.id = \"gform_visibility_test_5\";            gformWrapperDiv.insertAdjacentElement( \"afterend\", visibilitySpan );        }        const visibilityTestDiv = document.getElementById( \"gform_visibility_test_5\" );        let postRenderFired = false;        function triggerPostRender() {            if ( postRenderFired ) {                return;            }            postRenderFired = true;            gform.core.triggerPostRenderEvents( 5, current_page );            if ( visibilityTestDiv ) {                visibilityTestDiv.parentNode.removeChild( visibilityTestDiv );            }        }        function debounce( func, wait, immediate ) {            var timeout;            return function() {                var context = this, args = arguments;                var later = function() {                    timeout = null;                    if ( !immediate ) func.apply( context, args );                };                var callNow = immediate && !timeout;                clearTimeout( timeout );                timeout = setTimeout( later, wait );                if ( callNow ) func.apply( context, args );            };        }        const debouncedTriggerPostRender = debounce( function() {            triggerPostRender();        }, 200 );        if ( visibilityTestDiv && visibilityTestDiv.offsetParent === null ) {            const observer = new MutationObserver( ( mutations ) => {                mutations.forEach( ( mutation ) => {                    if ( mutation.type === 'attributes' && visibilityTestDiv.offsetParent !== null ) {                        debouncedTriggerPostRender();                        observer.disconnect();                    }                });            });            observer.observe( document.body, {                attributes: true,                childList: false,                subtree: true,                attributeFilter: [ 'style', 'class' ],            });        } else {            triggerPostRender();        }    } );} ); \n\/* ]]> *\/\n<\/script>\n\n<\/div>\r\n\r\n<div class=\"sh-empty-space\" id=\"empty-space-07a1e95d2638484b408f590050faf0cd\"><\/div>\r\n\t<\/div>\r\n\r\n\r\n\t\t\r\n\r\n<\/div>\r\n\r\n<div class=\"sh-column sh-column-045fbdc2865a9514cf2837242296a18c fw-col-xs-12 fw-col-sm-2\" >\r\n\r\n\t\r\n\t<div class=\"sh-column-wrapper\">\r\n\t\t\t<\/div>\r\n\r\n\r\n\t\t\r\n\r\n<\/div>\r\n<\/div>\n\n\t<\/div>\r\n<\/section>\r\n<\/p>\n","protected":false},"excerpt":{"rendered":"<p>NOUS JOINDRENos coordonn\u00e9es Adresse et directions routi\u00e8resCentre de formation professionnelle \u00e0 La Prairie399, rue Conrad-PelletierLa Prairie (Qu\u00e9bec) J5R 4V1Via l&rsquo;autoroute 15 (route 132) : sortie 46 (Salaberry)Via l&rsquo;autoroute 30 : sortie 104 (chemin Saint-Jean) T\u00e9l\u00e9phoneT\u00e9l\u00e9phone:\u00a0514 380-8899, poste 4851T\u00e9l\u00e9copieur: 450 659-2315 Courrielcfpl@cssdgs.gouv.qc.ca NOUS JOINDRENos coordonn\u00e9es Adresse&#8230;<\/p>\n","protected":false},"author":1,"featured_media":0,"parent":0,"menu_order":0,"comment_status":"closed","ping_status":"closed","template":"","meta":{"inline_featured_image":false,"_monsterinsights_skip_tracking":false,"_monsterinsights_sitenote_active":false,"_monsterinsights_sitenote_note":"","_monsterinsights_sitenote_category":0,"footnotes":""},"class_list":["post-3728","page","type-page","status-publish","hentry"],"_links":{"self":[{"href":"https:\/\/mondep.com\/cfpl\/wp-json\/wp\/v2\/pages\/3728","targetHints":{"allow":["GET"]}}],"collection":[{"href":"https:\/\/mondep.com\/cfpl\/wp-json\/wp\/v2\/pages"}],"about":[{"href":"https:\/\/mondep.com\/cfpl\/wp-json\/wp\/v2\/types\/page"}],"author":[{"embeddable":true,"href":"https:\/\/mondep.com\/cfpl\/wp-json\/wp\/v2\/users\/1"}],"replies":[{"embeddable":true,"href":"https:\/\/mondep.com\/cfpl\/wp-json\/wp\/v2\/comments?post=3728"}],"version-history":[{"count":6,"href":"https:\/\/mondep.com\/cfpl\/wp-json\/wp\/v2\/pages\/3728\/revisions"}],"predecessor-version":[{"id":4347,"href":"https:\/\/mondep.com\/cfpl\/wp-json\/wp\/v2\/pages\/3728\/revisions\/4347"}],"wp:attachment":[{"href":"https:\/\/mondep.com\/cfpl\/wp-json\/wp\/v2\/media?parent=3728"}],"curies":[{"name":"wp","href":"https:\/\/api.w.org\/{rel}","templated":true}]}}