{"id":4031,"date":"2022-09-26T10:16:53","date_gmt":"2022-09-26T14:16:53","guid":{"rendered":"https:\/\/mondep.com\/cfpl\/rapport-annuel-copy\/"},"modified":"2024-02-23T14:53:21","modified_gmt":"2024-02-23T19:53:21","slug":"calendrier","status":"publish","type":"page","link":"https:\/\/mondep.com\/cfpl\/calendrier\/","title":{"rendered":"Calendrier"},"content":{"rendered":"\r\n<section class=\"sh-section sh-section-be09eb9064ae768968976ea0f7bc94d9 fw-main-row sh-section-visibility-everywhere\">\r\n\t\r\n\t\r\n\t<div class=\"sh-section-container container-fluid section-justify-height\">\r\n\t\t<div class=\"fw-row\">\n\t\r\n<div class=\"sh-column sh-column-588b217bc60c2f743d263b6faed84bd0 fw-col-xs-12 fw-col-sm-6 sh-column-mobile-padding\" >\r\n\r\n\t\r\n\t<div class=\"sh-column-wrapper\">\r\n\t\t\r\n\r\n\t<div class=\"sh-heading sh-heading-style1\" id=\"heading-232ebbd4607578874b0c815eebd5bc63\">\r\n\t\t<h1 class=\"sh-heading-content size-xs\">\r\n\t\t\t<span style=\"text-align: center;\"><strong>2023-2024<\/strong><\/span>\t\t<\/h1>\r\n\t<\/div>\r\n\r\n\r\n<div class=\"sh-empty-space\" id=\"empty-space-fe5dc44334d6f090436bf69fc9de8b53\"><\/div>\r\n\r\n\r\n\t<div class=\"sh-heading sh-heading-style1\" id=\"heading-9779ea944373d476a33817cbc3fc5e6d\">\r\n\t\t<h2 class=\"sh-heading-content size-xl\">\r\n\t\t\t<span style=\"text-align: center;\">Calendrier scolaire<\/span>\t\t<\/h2>\r\n\t<\/div>\r\n\r\n\r\n<div class=\"sh-empty-space\" id=\"empty-space-aa67209f7b192b8d6a74e8ff1002c2d2\"><\/div>\r\n\r\n<div id=\"text-block-451054a16985aceb277e6678a878d578\" class=\"sh-text-block\">\r\n\t<p style=\"text-align: center;\">Consultez le calendrier scolaire pour l'ann\u00e9e en cours.<\/p><\/div>\r\n\t<\/div>\r\n\r\n\r\n\t\t\r\n\r\n<\/div>\r\n\r\n<div class=\"sh-column sh-column-1416897038e9fe0b4b9f3d968b8eb986 fw-col-xs-12 fw-col-sm-6 sh-column-mobile-padding\" >\r\n\r\n\t\r\n\t<div class=\"sh-column-wrapper\">\r\n\t\t\r\n<div id=\"button-b52f6c316f204f55677886c0494b4cdd\" class=\"sh-button-container  sh-button-style-1\">\r\n\t<div class=\"sh-element-margin\">\r\n\t\t<a href=\"https:\/\/mondep.com\/cfpl\/wp-content\/uploads\/sites\/5\/2024\/02\/Calendrier-2023-2024-CFPL-1.pdf\" target=\"_blank\" class=\"sh-button sh-button-large sh-button-icon-left\">\r\n\r\n\t\t\t\t\t\t\t<span class=\"sh-button-icon\">\r\n\t\t\t\t\t<i class=\"fa fa-file-pdf-o\"><\/i>\r\n\t\t\t\t<\/span>\r\n\t\t\t\r\n\t\t\t\t\t\t\t<span class=\"sh-button-text\">\r\n\t\t\t\t\tT\u00c9L\u00c9CHARGER LE CALENDRIER\t\t\t\t<\/span>\r\n\t\t\t\r\n\t\t\t\r\n\t\t<\/a>\r\n\t\t\t<\/div>\r\n<\/div>\r\n\t<\/div>\r\n\r\n\r\n\t\t\r\n\r\n<\/div>\r\n<\/div>\n\n\t<\/div>\r\n<\/section>\r\n\n","protected":false},"excerpt":{"rendered":"<p>2023-2024 Calendrier scolaire Consultez le calendrier scolaire pour l&rsquo;ann\u00e9e en cours. T\u00c9L\u00c9CHARGER LE CALENDRIER<\/p>\n","protected":false},"author":1,"featured_media":0,"parent":0,"menu_order":0,"comment_status":"closed","ping_status":"closed","template":"","meta":{"inline_featured_image":false,"_monsterinsights_skip_tracking":false,"_monsterinsights_sitenote_active":false,"_monsterinsights_sitenote_note":"","_monsterinsights_sitenote_category":0,"footnotes":""},"class_list":["post-4031","page","type-page","status-publish","hentry"],"_links":{"self":[{"href":"https:\/\/mondep.com\/cfpl\/wp-json\/wp\/v2\/pages\/4031","targetHints":{"allow":["GET"]}}],"collection":[{"href":"https:\/\/mondep.com\/cfpl\/wp-json\/wp\/v2\/pages"}],"about":[{"href":"https:\/\/mondep.com\/cfpl\/wp-json\/wp\/v2\/types\/page"}],"author":[{"embeddable":true,"href":"https:\/\/mondep.com\/cfpl\/wp-json\/wp\/v2\/users\/1"}],"replies":[{"embeddable":true,"href":"https:\/\/mondep.com\/cfpl\/wp-json\/wp\/v2\/comments?post=4031"}],"version-history":[{"count":6,"href":"https:\/\/mondep.com\/cfpl\/wp-json\/wp\/v2\/pages\/4031\/revisions"}],"predecessor-version":[{"id":4146,"href":"https:\/\/mondep.com\/cfpl\/wp-json\/wp\/v2\/pages\/4031\/revisions\/4146"}],"wp:attachment":[{"href":"https:\/\/mondep.com\/cfpl\/wp-json\/wp\/v2\/media?parent=4031"}],"curies":[{"name":"wp","href":"https:\/\/api.w.org\/{rel}","templated":true}]}}