{"id":2973,"date":"2020-01-17T10:41:31","date_gmt":"2020-01-17T15:41:31","guid":{"rendered":"https:\/\/mondep.com\/efpc\/home-education-copy-2\/"},"modified":"2021-01-25T16:36:03","modified_gmt":"2021-01-25T21:36:03","slug":"a-propos","status":"publish","type":"page","link":"https:\/\/mondep.com\/efpc\/a-propos\/","title":{"rendered":"\u00c0 propos"},"content":{"rendered":"<p>\r\n<section class=\"sh-section sh-section-cf803ba4a14d87fe6666581485e0f377 fw-main-row sh-section-visibility-everywhere\">\r\n\t\r\n\t\r\n\t<div class=\"sh-section-container container-fluid section-justify-height\">\r\n\t\t<div class=\"fw-row\">\n\t\r\n<div class=\"sh-column sh-column-448f9a015f09819328d3c396a8563814 fw-col-xs-12 fw-col-sm-6 sh-column-mobile-padding\" >\r\n\r\n\t\r\n\t<div class=\"sh-column-wrapper\">\r\n\t\t\r\n\r\n\t<div class=\"sh-heading sh-heading-style1\" id=\"heading-84fb4529fc830bc11859d890a85d74da\">\r\n\t\t<h1 class=\"sh-heading-content size-xs\">\r\n\t\t\t<span style=\"text-align: center;\">FORMATION ET STAGE<\/span>\t\t<\/h1>\r\n\t<\/div>\r\n\r\n\r\n<div class=\"sh-empty-space\" id=\"empty-space-b182d15c015ee174bb4a11fd917574fb\"><\/div>\r\n\r\n\r\n\t<div class=\"sh-heading sh-heading-style1\" id=\"heading-84bcd9aa95b58980ddf98defca400340\">\r\n\t\t<h1 class=\"sh-heading-content size-xl\">\r\n\t\t\t<span style=\"text-align: center;\">\u00c0 propos de l'\u00c9cole de formation professionnelle de Ch\u00e2teauguay<\/span>\t\t<\/h1>\r\n\t<\/div>\r\n\r\n\r\n<div class=\"sh-empty-space\" id=\"empty-space-d6dab3b2d07b064f6015abb3a59ac013\"><\/div>\r\n\r\n<div id=\"text-block-f22afedc415aa024af135ca58c6ad2a3\" class=\"sh-text-block\">\r\n\t<p style=\"text-align: center;\">L\u2019\u00c9cole de formation professionnelle de Ch\u00e2teauguay offre\u00a0<strong>11<\/strong>\u00a0programmes sur mesure r\u00e9partis dans quatre secteurs d\u2019activit\u00e9s : Sant\u00e9, soins esth\u00e9tiques, b\u00e2timents et travaux publics. Ces programmes conduisent \u00e0 un dipl\u00f4me d\u2019\u00e9tudes professionnelles (DEP) ou une attestation de sp\u00e9cialisation professionnelle (ASP).<\/p><p style=\"text-align: center;\">L\u2019\u00c9FPC propose des formations concr\u00e8tes et techniques offertes par des profs de m\u00e9tiers. Quels que soient vos objectifs et vos int\u00e9r\u00eats, notre \u00e9cole de formation vous offrira une formation sur mesure pour exercer un m\u00e9tier passionnant. Gr\u00e2ce \u00e0 la formation professionnelle, vous aurez acc\u00e8s rapidement \u00e0 un m\u00e9tier sp\u00e9cialis\u00e9 pour partir du bon pied sur le march\u00e9 du travail.<\/p><\/div>\r\n\t<\/div>\r\n\r\n\r\n\t\t\r\n\r\n<\/div>\r\n\r\n<div class=\"sh-column sh-column-4c777841c2cf4524d5f6c274a48a929e fw-col-xs-12 fw-col-sm-6 sh-column-mobile-padding\" >\r\n\r\n\t\r\n\t<div class=\"sh-column-wrapper\">\r\n\t\t\r\n<div id=\"single-image-df8a0bcee58a34463aef6ffb8d32c11f\" class=\"sh-single-image  \">\r\n\t<div class=\"sh-element-margin\">\r\n\r\n\t\t\r\n\t\t\t<div class=\"sh-single-image-container\">\r\n\t\t\t\t\r\n\t\t\t\t\t\t\t\t\t\t\t\t\t\t\t<a href=\"\/\/mondep.com\/efpc\/wp-content\/uploads\/2020\/01\/Slider_Ecole_EFPC2.jpg\" rel=\"lightbox\">\r\n\t\t\t\t\t\r\n\t\t\t\t\t\t\t\t\t\t\t\t\t<img decoding=\"async\" class=\"sh-image-url\" src=\"https:\/\/mondep.com\/efpc\/wp-content\/uploads\/sites\/4\/2020\/01\/Slider_Ecole_EFPC2.jpg\" alt=\"Slider_Ecole_EFPC2\" title=\"\">\r\n\t\t\t\t\t\t\t\t\t\t\t\t\t\r\n\t\t\t\t\t\t\t\t\t\t\t<\/a>\r\n\t\t\t\t\t\t\t\t\t\r\n\t\t\t\t\t\t\t<\/div>\r\n\r\n\t\t\r\n\t<\/div>\r\n<\/div>\r\n\t<\/div>\r\n\r\n\r\n\t\t\r\n\r\n<\/div>\r\n<\/div>\n\n\t<\/div>\r\n<\/section>\r\n\r\n<section class=\"sh-section sh-section-c47886d4a4e1e211f8f9223e97f31f12 fw-main-row sh-section-visibility-everywhere\">\r\n\t\r\n\t\r\n\t<div class=\"sh-section-container container\">\r\n\t\t<div class=\"fw-row\">\n\t\r\n<div class=\"sh-column sh-column-2b4514a743f5522c84dbd9f80a4a739a fw-col-xs-12\" >\r\n\r\n\t\r\n\t<div class=\"sh-column-wrapper\">\r\n\t\t\r\n\r\n\t<div class=\"sh-heading sh-heading-style1\" id=\"heading-51b20962108cc2fa3ff53a8066fe9d7e\">\r\n\t\t<h1 class=\"sh-heading-content size-xs\">\r\n\t\t\t<span style=\"text-align: center;\">FORMATIONS, INSCRIPTION & \u00c9V\u00c9NEMENTS<\/span>\t\t<\/h1>\r\n\t<\/div>\r\n\r\n\r\n<div class=\"sh-empty-space\" id=\"empty-space-382a653e1d85680ba29edadbd5eb3644\"><\/div>\r\n\r\n\r\n\t<div class=\"sh-heading sh-heading-style1\" id=\"heading-128be6f694b275074290f0efae34a0d4\">\r\n\t\t<h1 class=\"sh-heading-content size-xl\">\r\n\t\t\t<span style=\"text-align: center;\">Apprenez-en plus sur nos formations et \u00e9v\u00e9nements \u00e0 venir<\/span>\t\t<\/h1>\r\n\t<\/div>\r\n\r\n\r\n<div class=\"sh-empty-space\" id=\"empty-space-19c2e00c112a5f9be878a33025c38f3e\"><\/div>\r\n\t<\/div>\r\n\r\n\r\n\t\t\r\n\r\n<\/div>\r\n<\/div>\n\n<div class=\"fw-row\">\n\t\r\n<div class=\"sh-column sh-column-664c54f14f5fb76bafc2193be2c5ea33 fw-col-xs-12 fw-col-sm-4 sh-column-mobile-padding\" >\r\n\r\n\t\r\n\t<div class=\"sh-column-wrapper\">\r\n\t\t\r\n<div id=\"icon-3c6ae90de509a6c79c5d3fda971f835f\" class=\"sh-icon  sh-icon-center sh-icon-mobile- sh-animated fadeInDown\" data-wow-duration=\"2s\">\r\n\t\r\n\t\t<div class=\"sh-element-margin\">\r\n\t\t\t<div class=\"sh-icon-container\">\r\n\t\t\t\t<i class=\"sh-icon-data ti-book\"><\/i>\r\n\t\t\t<\/div>\r\n\t\t<\/div>\r\n\r\n\t<\/div>\r\n\r\n<div class=\"sh-empty-space\" id=\"empty-space-bc355b12ff5eee6f9af073d2c103d104\"><\/div>\r\n\r\n\r\n\t<div class=\"sh-heading sh-heading-style1\" id=\"heading-03cae20f849866de76dcb339254041f9\">\r\n\t\t<h1 class=\"sh-heading-content size-s\">\r\n\t\t\t<span style=\"text-align: center;\">Formations<\/span><span>&nbsp;<\/span>\t\t<\/h1>\r\n\t<\/div>\r\n\r\n\r\n<div id=\"text-block-b5d1073ea8dedcbef6823a8513aee2c5\" class=\"sh-text-block\">\r\n\t<p style=\"text-align: center;\">Nous offrons plus d'une dizaine de formations diff\u00e9rentes.<\/p><\/div>\r\n\r\n<div class=\"sh-empty-space\" id=\"empty-space-c34d1bb950b0f6e2219c18c9a46edcee\"><\/div>\r\n\r\n<div id=\"button-d0918698bcce20e52a456a128fa215e2\" class=\"sh-button-container  sh-button-style-3\">\r\n\t<div class=\"sh-element-margin\">\r\n\t\t<a href=\"https:\/\/mondep.com\/efpc\/formations\/\" target=\"_self\" class=\"sh-button sh-button-medium \">\r\n\r\n\t\t\t\r\n\t\t\t\t\t\t\t<span class=\"sh-button-text\">\r\n\t\t\t\t\tVOIR LES FORMATIONS\t\t\t\t<\/span>\r\n\t\t\t\r\n\t\t\t\r\n\t\t<\/a>\r\n\t\t\t<\/div>\r\n<\/div>\r\n\t<\/div>\r\n\r\n\r\n\t\t\t\t<div class=\"preload\">\r\n\t\t\t<img decoding=\"async\" src=\"\/\/mondep.com\/efpc\/wp-content\/uploads\/sites\/4\/2020\/10\/bloc-3-invert-rouge.png\" alt=\"\" title=\"\">\r\n\t\t<\/div>\r\n\t\r\n\r\n<\/div>\r\n\r\n<div class=\"sh-column sh-column-1374a0bbcaf091a8baa01f70b49410e3 fw-col-xs-12 fw-col-sm-4 sh-column-mobile-padding\" >\r\n\r\n\t\r\n\t<div class=\"sh-column-wrapper\">\r\n\t\t\r\n<div id=\"icon-3768cb7ebb3bb779b41886f093ae016d\" class=\"sh-icon  sh-icon-center sh-icon-mobile- sh-animated fadeInDown\" data-wow-duration=\"2s\">\r\n\t\r\n\t\t<div class=\"sh-element-margin\">\r\n\t\t\t<div class=\"sh-icon-container\">\r\n\t\t\t\t<i class=\"sh-icon-data ti-marker-alt\"><\/i>\r\n\t\t\t<\/div>\r\n\t\t<\/div>\r\n\r\n\t<\/div>\r\n\r\n<div class=\"sh-empty-space\" id=\"empty-space-e4b7f34e5d909faabacd970fe6a1ab13\"><\/div>\r\n\r\n\r\n\t<div class=\"sh-heading sh-heading-style1\" id=\"heading-33df4946bd13228b4f5661539c0f185a\">\r\n\t\t<h1 class=\"sh-heading-content size-s\">\r\n\t\t\t<span style=\"text-align: center;\">Inscription en ligne<\/span>\t\t<\/h1>\r\n\t<\/div>\r\n\r\n\r\n<div class=\"sh-empty-space\" id=\"empty-space-1e2ceb5a355e6c605f510ebcde6f1f54\"><\/div>\r\n\r\n<div id=\"text-block-839827330c7fb6cdb1bbc75bebf3398e\" class=\"sh-text-block\">\r\n\t<p style=\"text-align: center;\">Consultez les dates de d\u00e9but ainsi que la disponibilit\u00e9 de nos formations.<\/p><\/div>\r\n\r\n<div class=\"sh-empty-space\" id=\"empty-space-693d514dcff4f8e818c8be03875a0b67\"><\/div>\r\n\r\n<div id=\"button-ac47fe49be5417493fbe51771d1da541\" class=\"sh-button-container  sh-button-style-3\">\r\n\t<div class=\"sh-element-margin\">\r\n\t\t<a href=\"https:\/\/mondep.com\/efpc\/admission\/\" target=\"_self\" class=\"sh-button sh-button-medium \">\r\n\r\n\t\t\t\r\n\t\t\t\t\t\t\t<span class=\"sh-button-text\">\r\n\t\t\t\t\tS&#039;INSCRIRE\t\t\t\t<\/span>\r\n\t\t\t\r\n\t\t\t\r\n\t\t<\/a>\r\n\t\t\t<\/div>\r\n<\/div>\r\n\t<\/div>\r\n\r\n\r\n\t\t\t\t<div class=\"preload\">\r\n\t\t\t<img decoding=\"async\" src=\"\/\/mondep.com\/efpc\/wp-content\/uploads\/sites\/4\/2020\/10\/bloc-4-invert-rouge.png\" alt=\"\" title=\"\">\r\n\t\t<\/div>\r\n\t\r\n\r\n<\/div>\r\n\r\n<div class=\"sh-column sh-column-5faff8eb93115dd1f6197837be5dcda7 fw-col-xs-12 fw-col-sm-4 sh-column-mobile-padding\" >\r\n\r\n\t\r\n\t<div class=\"sh-column-wrapper\">\r\n\t\t\r\n<div id=\"icon-aa2e8d5ebff7878912805e05cbbbda70\" class=\"sh-icon  sh-icon-center sh-icon-mobile- sh-animated fadeInDown\" data-wow-duration=\"2s\">\r\n\t\r\n\t\t<div class=\"sh-element-margin\">\r\n\t\t\t<div class=\"sh-icon-container\">\r\n\t\t\t\t<i class=\"sh-icon-data fa fa-calendar\"><\/i>\r\n\t\t\t<\/div>\r\n\t\t<\/div>\r\n\r\n\t<\/div>\r\n\r\n<div class=\"sh-empty-space\" id=\"empty-space-6517cc95f2b1845243b3251a6fd6a6fd\"><\/div>\r\n\r\n\r\n\t<div class=\"sh-heading sh-heading-style1\" id=\"heading-9228f9af11b65cdc2e98fbb89695e396\">\r\n\t\t<h1 class=\"sh-heading-content size-s\">\r\n\t\t\t<span style=\"text-align: center;\">\u00c9v\u00e9nements<\/span><span>&nbsp;<\/span>\t\t<\/h1>\r\n\t<\/div>\r\n\r\n\r\n<div id=\"text-block-e30dda342ef97bb317be2be066f1b8d8\" class=\"sh-text-block\">\r\n\t<p style=\"text-align: center;\">Voyez la liste compl\u00e8te de nos \u00e9v\u00e9nements et activit\u00e9s.<\/p><\/div>\r\n\r\n<div class=\"sh-empty-space\" id=\"empty-space-7d4c0b1687c2f21851a5027dc6c41288\"><\/div>\r\n\r\n<div id=\"button-0ff02ef0be5f4981711cf73fe54c9a21\" class=\"sh-button-container  sh-button-style-3\">\r\n\t<div class=\"sh-element-margin\">\r\n\t\t<a href=\"https:\/\/mondep.com\/efpc\/nouvelles-evenements\/\" target=\"_self\" class=\"sh-button sh-button-medium \">\r\n\r\n\t\t\t\r\n\t\t\t\t\t\t\t<span class=\"sh-button-text\">\r\n\t\t\t\t\tVOIR LES \u00c9V\u00c9NEMENTS\t\t\t\t<\/span>\r\n\t\t\t\r\n\t\t\t\r\n\t\t<\/a>\r\n\t\t\t<\/div>\r\n<\/div>\r\n\t<\/div>\r\n\r\n\r\n\t\t\t\t<div class=\"preload\">\r\n\t\t\t<img decoding=\"async\" src=\"\/\/mondep.com\/efpc\/wp-content\/uploads\/sites\/4\/2020\/10\/bloc-2-invert-rouge.png\" alt=\"\" title=\"\">\r\n\t\t<\/div>\r\n\t\r\n\r\n<\/div>\r\n<\/div>\n\n\t<\/div>\r\n<\/section>\r\n\r\n<section class=\"sh-section sh-section-3085443bdf8dee3108eafe95f6ac6a42 fw-main-row sh-section-visibility-everywhere\">\r\n\t\r\n\t\r\n\t<div class=\"sh-section-container container-fluid\">\r\n\t\t<div class=\"fw-row\">\n\t\r\n<div class=\"sh-column sh-column-4af22ef194738eb2c35606c2c2b8c431 fw-col-xs-12 fw-col-sm-8\" >\r\n\r\n\t\r\n\t<div class=\"sh-column-wrapper\">\r\n\t\t\r\n\r\n\r\n\r\n<div class=\"sh-recent-posts sh-recent-posts-columns2\" id=\"recent-posts-2a257a53d5f9f6fc228cb7ff7a901d1e\" data-id=\"2\">\r\n\r\n\t\t\r\n\t<div class=\"sh-group blog-list blog-style-masonry masonry2\">\r\n\t\t\r\n\t<article id=\"post-5238\" class=\"post-item post-5238 post type-post status-publish format-standard has-post-thumbnail hentry category-evenements category-nouvelles\" itemscope=\"itemscope\" itemtype=\"http:\/\/schema.org\/Article\">\r\n\t\t<div class=\"post-container\">\r\n\t\t\t\r\n\t\t\t<div class=\"post-meta-thumb\">\r\n\t\t\t\t\r\n\t\t\t\t\t\t\t\t\t<img decoding=\"async\" width=\"791\" height=\"1024\" src=\"https:\/\/mondep.com\/efpc\/wp-content\/uploads\/sites\/4\/2026\/01\/Modif-liste-prix_Journees-clientes-25-26_a-partir-6-janvier-2026-1_Page_2-791x1024.jpg\" class=\"attachment-large size-large wp-post-image\" alt=\"\" srcset=\"https:\/\/mondep.com\/efpc\/wp-content\/uploads\/sites\/4\/2026\/01\/Modif-liste-prix_Journees-clientes-25-26_a-partir-6-janvier-2026-1_Page_2-791x1024.jpg 791w, https:\/\/mondep.com\/efpc\/wp-content\/uploads\/sites\/4\/2026\/01\/Modif-liste-prix_Journees-clientes-25-26_a-partir-6-janvier-2026-1_Page_2-232x300.jpg 232w, https:\/\/mondep.com\/efpc\/wp-content\/uploads\/sites\/4\/2026\/01\/Modif-liste-prix_Journees-clientes-25-26_a-partir-6-janvier-2026-1_Page_2-768x994.jpg 768w, https:\/\/mondep.com\/efpc\/wp-content\/uploads\/sites\/4\/2026\/01\/Modif-liste-prix_Journees-clientes-25-26_a-partir-6-janvier-2026-1_Page_2-1187x1536.jpg 1187w, https:\/\/mondep.com\/efpc\/wp-content\/uploads\/sites\/4\/2026\/01\/Modif-liste-prix_Journees-clientes-25-26_a-partir-6-janvier-2026-1_Page_2-1583x2048.jpg 1583w, https:\/\/mondep.com\/efpc\/wp-content\/uploads\/sites\/4\/2026\/01\/Modif-liste-prix_Journees-clientes-25-26_a-partir-6-janvier-2026-1_Page_2-scaled.jpg 1978w\" sizes=\"(max-width: 791px) 100vw, 791px\" title=\"\">\t\t\t\t\r\n\t\t\t\t\r\n        <div class=\"sh-overlay-style1\">\r\n            <div class=\"sh-table-full\">\r\n                                    <a href=\"https:\/\/mondep.com\/efpc\/liste-des-couts-et-des-services-offertes-en-coiffure\/\" class=\"sh-overlay-item sh-table-cell\" title=\"Open the article - Liste des co\u00fbts et des services offertes en Coiffure\">\r\n                        <div class=\"sh-overlay-item-container\">\r\n                            <i class=\"icon-link\"><\/i>\r\n                        <\/div>\r\n                    <\/a>\r\n                \r\n                                    <a href=\"https:\/\/mondep.com\/efpc\/wp-content\/uploads\/sites\/4\/2026\/01\/Modif-liste-prix_Journees-clientes-25-26_a-partir-6-janvier-2026-1_Page_2-791x1024.jpg\" class=\"sh-overlay-item sh-table-cell\" data-rel=\"lightcase\">\r\n                        <div class=\"sh-overlay-item-container\">\r\n                            <i class=\"icon-magnifier-add\"><\/i>\r\n                        <\/div>\r\n                    <\/a>\r\n                            <\/div>\r\n        <\/div>\r\n\r\n    \t\t\t<\/div>\r\n\r\n\t\t\t<div class=\"post-content-container\">\r\n\r\n\t\t\t\t<div class=\"post-meta post-meta-one\">\r\n\t\t\t\t\t\r\n        \r\n            <span class=\"post-meta-author\">\r\n                par                                    <a href=\"https:\/\/mondep.com\/efpc\/author\/ffortier\/\" class=\"bypostauthor\" itemprop=\"url\" rel=\"author\">\r\n                        Mon DEP                    <\/a>\r\n                            <\/span>\r\n\r\n        \r\n        \r\n                    <time class=\"updated semantic\" itemprop=\"dateModified\" datetime=\"2026-01-08T18:33:24+00:00\"><\/time>\r\n            <a href=\"https:\/\/mondep.com\/efpc\/liste-des-couts-et-des-services-offertes-en-coiffure\/\" class=\"post-meta-date sh-default-color\">8 janvier 2026<\/a>\r\n        \r\n    \t\t\t\t<\/div>\r\n\r\n\t\t\t\t<a href=\"https:\/\/mondep.com\/efpc\/liste-des-couts-et-des-services-offertes-en-coiffure\/\" class=\"post-title\">\r\n\t\t\t\t\t<h2 itemprop=\"headline\">\r\n\t\t\t\t\t\t\t\t\t\t\t\tListe des co\u00fbts et des services offertes en Coiffure\t\t\t\t\t<\/h2>\r\n\t\t\t\t<\/a>\r\n\r\n\t\t\t\t<div class=\"post-content\" itemprop=\"text\">\r\n\t\t\t\t\t\t\t\t\t\t\t\t\t\t\t\t\t\t\t\t<\/div>\r\n\r\n\t\t\t\t<div class=\"post-meta post-meta-two\">\r\n\t\t\t\t\t\r\n        <div class=\"sh-columns post-meta-comments\">\r\n            <span class=\"post-meta-categories\">\r\n                <i class=\"icon-tag\"><\/i>\r\n                <a href=\"https:\/\/mondep.com\/efpc\/categorie\/evenements\/\" rel=\"category tag\">\u00c9v\u00e9nements<\/a>, <a href=\"https:\/\/mondep.com\/efpc\/categorie\/nouvelles\/\" rel=\"category tag\">Nouvelles<\/a>            <\/span>\r\n\r\n                            <div><\/div>\r\n                    <\/div>\r\n\r\n    \t\t\t\t<\/div>\r\n\t\t\t<\/div>\r\n\r\n\t\t<\/div>\r\n\t<\/article>\r\n\r\n\r\n\r\n\t<article id=\"post-5194\" class=\"post-item post-5194 post type-post status-publish format-standard has-post-thumbnail hentry category-evenements category-nouvelles\" itemscope=\"itemscope\" itemtype=\"http:\/\/schema.org\/Article\">\r\n\t\t<div class=\"post-container\">\r\n\t\t\t\r\n\t\t\t<div class=\"post-meta-thumb\">\r\n\t\t\t\t\r\n\t\t\t\t\t\t\t\t\t<img decoding=\"async\" width=\"1024\" height=\"791\" src=\"https:\/\/mondep.com\/efpc\/wp-content\/uploads\/sites\/4\/2025\/11\/Liste-des-couts-et-des-services-offerts-Esthetique-2025-2026-1024x791.jpg\" class=\"attachment-large size-large wp-post-image\" alt=\"\" srcset=\"https:\/\/mondep.com\/efpc\/wp-content\/uploads\/sites\/4\/2025\/11\/Liste-des-couts-et-des-services-offerts-Esthetique-2025-2026-1024x791.jpg 1024w, https:\/\/mondep.com\/efpc\/wp-content\/uploads\/sites\/4\/2025\/11\/Liste-des-couts-et-des-services-offerts-Esthetique-2025-2026-300x232.jpg 300w, https:\/\/mondep.com\/efpc\/wp-content\/uploads\/sites\/4\/2025\/11\/Liste-des-couts-et-des-services-offerts-Esthetique-2025-2026-768x594.jpg 768w, https:\/\/mondep.com\/efpc\/wp-content\/uploads\/sites\/4\/2025\/11\/Liste-des-couts-et-des-services-offerts-Esthetique-2025-2026-1536x1187.jpg 1536w, https:\/\/mondep.com\/efpc\/wp-content\/uploads\/sites\/4\/2025\/11\/Liste-des-couts-et-des-services-offerts-Esthetique-2025-2026-2048x1583.jpg 2048w\" sizes=\"(max-width: 1024px) 100vw, 1024px\" title=\"\">\t\t\t\t\r\n\t\t\t\t\r\n        <div class=\"sh-overlay-style1\">\r\n            <div class=\"sh-table-full\">\r\n                                    <a href=\"https:\/\/mondep.com\/efpc\/liste-des-couts-et-des-services-offerts-esthetique-2025-2026\/\" class=\"sh-overlay-item sh-table-cell\" title=\"Open the article - Liste des co\u00fbts et des services offerts Esth\u00e9tique (2025-2026)\">\r\n                        <div class=\"sh-overlay-item-container\">\r\n                            <i class=\"icon-link\"><\/i>\r\n                        <\/div>\r\n                    <\/a>\r\n                \r\n                                    <a href=\"https:\/\/mondep.com\/efpc\/wp-content\/uploads\/sites\/4\/2025\/11\/Liste-des-couts-et-des-services-offerts-Esthetique-2025-2026-1024x791.jpg\" class=\"sh-overlay-item sh-table-cell\" data-rel=\"lightcase\">\r\n                        <div class=\"sh-overlay-item-container\">\r\n                            <i class=\"icon-magnifier-add\"><\/i>\r\n                        <\/div>\r\n                    <\/a>\r\n                            <\/div>\r\n        <\/div>\r\n\r\n    \t\t\t<\/div>\r\n\r\n\t\t\t<div class=\"post-content-container\">\r\n\r\n\t\t\t\t<div class=\"post-meta post-meta-one\">\r\n\t\t\t\t\t\r\n        \r\n            <span class=\"post-meta-author\">\r\n                par                                    <a href=\"https:\/\/mondep.com\/efpc\/author\/ffortier\/\" class=\"bypostauthor\" itemprop=\"url\" rel=\"author\">\r\n                        Mon DEP                    <\/a>\r\n                            <\/span>\r\n\r\n        \r\n        \r\n                    <time class=\"updated semantic\" itemprop=\"dateModified\" datetime=\"2025-11-24T14:28:31+00:00\"><\/time>\r\n            <a href=\"https:\/\/mondep.com\/efpc\/liste-des-couts-et-des-services-offerts-esthetique-2025-2026\/\" class=\"post-meta-date sh-default-color\">24 novembre 2025<\/a>\r\n        \r\n    \t\t\t\t<\/div>\r\n\r\n\t\t\t\t<a href=\"https:\/\/mondep.com\/efpc\/liste-des-couts-et-des-services-offerts-esthetique-2025-2026\/\" class=\"post-title\">\r\n\t\t\t\t\t<h2 itemprop=\"headline\">\r\n\t\t\t\t\t\t\t\t\t\t\t\tListe des co\u00fbts et des services offerts Esth\u00e9tique (2025-2026)\t\t\t\t\t<\/h2>\r\n\t\t\t\t<\/a>\r\n\r\n\t\t\t\t<div class=\"post-content\" itemprop=\"text\">\r\n\t\t\t\t\t\t\t\t\t\t\t\t\t\t\t\t\t\t\t\t<\/div>\r\n\r\n\t\t\t\t<div class=\"post-meta post-meta-two\">\r\n\t\t\t\t\t\r\n        <div class=\"sh-columns post-meta-comments\">\r\n            <span class=\"post-meta-categories\">\r\n                <i class=\"icon-tag\"><\/i>\r\n                <a href=\"https:\/\/mondep.com\/efpc\/categorie\/evenements\/\" rel=\"category tag\">\u00c9v\u00e9nements<\/a>, <a href=\"https:\/\/mondep.com\/efpc\/categorie\/nouvelles\/\" rel=\"category tag\">Nouvelles<\/a>            <\/span>\r\n\r\n                            <div><\/div>\r\n                    <\/div>\r\n\r\n    \t\t\t\t<\/div>\r\n\t\t\t<\/div>\r\n\r\n\t\t<\/div>\r\n\t<\/article>\r\n\r\n\r\n\t<\/div>\r\n\r\n\t<\/div>\r\n\t<\/div>\r\n\r\n\r\n\t\t\r\n\r\n<\/div>\r\n\r\n<div class=\"sh-column sh-column-9dba09e387d13edd991d0822af8a9a29 fw-col-xs-12 fw-col-sm-4 sh-column-mobile-padding\" >\r\n\r\n\t\r\n\t<div class=\"sh-column-wrapper\">\r\n\t\t\r\n\r\n\t<div class=\"sh-heading sh-heading-style1\" id=\"heading-960136165e07f3b0a82ef3fb9bb4f38e\">\r\n\t\t<h1 class=\"sh-heading-content size-xs\">\r\n\t\t\t<span style=\"text-align: left;\">SOYEZ INFORM\u00c9S<\/span>\t\t<\/h1>\r\n\t<\/div>\r\n\r\n\r\n<div class=\"sh-empty-space\" id=\"empty-space-4301fb25b77c92a274310826e7019faf\"><\/div>\r\n\r\n\r\n\t<div class=\"sh-heading sh-heading-style1\" id=\"heading-79afe1929846ca3a6d85ffdca1dd0448\">\r\n\t\t<h1 class=\"sh-heading-content size-xxl\">\r\n\t\t\t<span style=\"text-align: left;\">Nouvelles &amp;<\/span><span>Actualit\u00e9s<\/span>\t\t<\/h1>\r\n\t<\/div>\r\n\r\n\r\n<div id=\"divider-6e2dc932579b51f7754159e45ea3958c\" class=\"sh-divider sh-divider-left sh-divider-content-none\">\r\n\t\t\t<div class=\"sh-divider-line\"><\/div>\r\n\t<\/div>\r\n\r\n<div id=\"button-60d6f65d07acd11651f5e85b2b8436bb\" class=\"sh-button-container  sh-button-style-1\">\r\n\t<div class=\"sh-element-margin\">\r\n\t\t<a href=\"https:\/\/mondep.com\/efpc\/actualites\" target=\"_self\" class=\"sh-button sh-button-large \">\r\n\r\n\t\t\t\r\n\t\t\t\t\t\t\t<span class=\"sh-button-text\">\r\n\t\t\t\t\tVOIR TOUTES LES NOUVELLES\t\t\t\t<\/span>\r\n\t\t\t\r\n\t\t\t\r\n\t\t<\/a>\r\n\t\t\t<\/div>\r\n<\/div>\r\n\t<\/div>\r\n\r\n\r\n\t\t\r\n\r\n<\/div>\r\n<\/div>\n\n\t<\/div>\r\n<\/section>\r\n\r\n<section class=\"sh-section sh-section-935d72c9a223eb862e97a68ea29c6558 fw-main-row sh-section-visibility-mobile\">\r\n\t\r\n\t\t\t<script type=\"text\/javascript\">\r\n\t\t\tjQuery(document).ready(function($) {\r\n\t\t\t\t\r\n\t\t\t\t\tif( $(window).width() >= 800 ) {\r\n\t\t\t\t\t\tif( document.documentMode || \/Edge\/.test(navigator.userAgent) ) {\r\n\t\t\t\t\t\t\t$('.sh-section-935d72c9a223eb862e97a68ea29c6558').css( 'background-attachment', 'fixed' );\r\n\t\t\t\t\t\t} else {\r\n\t\t\t\t\t\t\t$('.sh-section-935d72c9a223eb862e97a68ea29c6558').jarallax({\r\n\t\t\t\t\t\t\t\tspeed: 0.2\t\t\t\t\t\t\t});\r\n\t\t\t\t\t\t}\r\n\t\t\t\t\t}\r\n\r\n\t\t\t\t\t\t\t\t\t\t\t});\r\n\t\t<\/script>\r\n\t\r\n\t<div class=\"sh-section-container container-fluid\">\r\n\t\t<div class=\"fw-row\">\n\t\r\n<div class=\"sh-column sh-column-cd5cda65d90d67fa05886b075db81ae4 fw-col-xs-12\" >\r\n\r\n\t\r\n\t<div class=\"sh-column-wrapper\">\r\n\t\t\r\n<div id=\"single-image-386aa5ba43c9d430963a489f6e4981c8\" class=\"sh-single-image  \">\r\n\t<div class=\"sh-element-margin\">\r\n\r\n\t\t\r\n\t\t\t<div class=\"sh-single-image-container\">\r\n\t\t\t\t\r\n\t\t\t\t\r\n\t\t\t\t\t\t\t<\/div>\r\n\r\n\t\t\r\n\t<\/div>\r\n<\/div>\r\n\t<\/div>\r\n\r\n\r\n\t\t\r\n\r\n<\/div>\r\n<\/div>\n\n\t<\/div>\r\n<\/section>\r\n<\/p>\n","protected":false},"excerpt":{"rendered":"","protected":false},"author":1,"featured_media":0,"parent":0,"menu_order":0,"comment_status":"closed","ping_status":"closed","template":"","meta":{"inline_featured_image":false,"_monsterinsights_skip_tracking":false,"_monsterinsights_sitenote_active":false,"_monsterinsights_sitenote_note":"","_monsterinsights_sitenote_category":0,"footnotes":""},"class_list":["post-2973","page","type-page","status-publish","hentry"],"_links":{"self":[{"href":"https:\/\/mondep.com\/efpc\/wp-json\/wp\/v2\/pages\/2973","targetHints":{"allow":["GET"]}}],"collection":[{"href":"https:\/\/mondep.com\/efpc\/wp-json\/wp\/v2\/pages"}],"about":[{"href":"https:\/\/mondep.com\/efpc\/wp-json\/wp\/v2\/types\/page"}],"author":[{"embeddable":true,"href":"https:\/\/mondep.com\/efpc\/wp-json\/wp\/v2\/users\/1"}],"replies":[{"embeddable":true,"href":"https:\/\/mondep.com\/efpc\/wp-json\/wp\/v2\/comments?post=2973"}],"version-history":[{"count":5,"href":"https:\/\/mondep.com\/efpc\/wp-json\/wp\/v2\/pages\/2973\/revisions"}],"predecessor-version":[{"id":3641,"href":"https:\/\/mondep.com\/efpc\/wp-json\/wp\/v2\/pages\/2973\/revisions\/3641"}],"wp:attachment":[{"href":"https:\/\/mondep.com\/efpc\/wp-json\/wp\/v2\/media?parent=2973"}],"curies":[{"name":"wp","href":"https:\/\/api.w.org\/{rel}","templated":true}]}}