{"id":3332,"date":"2020-11-08T21:40:48","date_gmt":"2020-11-09T02:40:48","guid":{"rendered":"https:\/\/mondep.com\/efpc\/nouvelles-evenements\/"},"modified":"2021-04-12T10:04:36","modified_gmt":"2021-04-12T14:04:36","slug":"nouvelles-evenements","status":"publish","type":"page","link":"https:\/\/mondep.com\/efpc\/nouvelles-evenements\/","title":{"rendered":"\u00c9v\u00e9nements et nouvelles"},"content":{"rendered":"<p>\r\n<section class=\"sh-section sh-section-fb8e692f14a593bef22309e96bf58387 fw-main-row sh-section-visibility-everywhere\">\r\n\t\r\n\t\r\n\t<div class=\"sh-section-container container\">\r\n\t\t<div class=\"fw-row\">\n\t\r\n<div class=\"sh-column sh-column-35174c3822c8a56cd96cd8a5fdbd0c96 fw-col-xs-12\" >\r\n\r\n\t\r\n\t<div class=\"sh-column-wrapper\">\r\n\t\t\r\n\r\n\t<div class=\"sh-heading sh-heading-style1\" id=\"heading-38add6d25bdaf0f20da5a17b66ebf586\">\r\n\t\t<h1 class=\"sh-heading-content size-xs\">\r\n\t\t\t<span style=\"text-align: center;\">\u00c0 NE PAS MANQUER<\/span>\t\t<\/h1>\r\n\t<\/div>\r\n\r\n\r\n<div class=\"sh-empty-space\" id=\"empty-space-fe3900b56eb6a1b9468c9dd38ca9ba0c\"><\/div>\r\n\r\n\r\n\t<div class=\"sh-heading sh-heading-style1\" id=\"heading-e2b0ab965b73677c40f4ba86715e17d3\">\r\n\t\t<h1 class=\"sh-heading-content size-xl\">\r\n\t\t\t<span style=\"text-align: center;\">Actualit\u00e9s &amp; \u00c9v\u00e9nements<\/span>\t\t<\/h1>\r\n\t<\/div>\r\n\r\n\t<\/div>\r\n\r\n\r\n\t\t\r\n\r\n<\/div>\r\n<\/div>\n\n<div class=\"fw-row\">\n\t\r\n<div class=\"sh-column sh-column-ddbaa141de8a5cbec5b19435b4a7a82b fw-col-xs-12 sh-column-mobile-padding\" >\r\n\r\n\t\r\n\t<div class=\"sh-column-wrapper\">\r\n\t\t\r\n\r\n\r\n\r\n<div class=\"sh-recent-posts\" id=\"recent-posts-c809a353b888a1a935fa9e5034d6aec5\" data-id=\"3\">\r\n\r\n\t\t\r\n\t\t<div class=\"sh-filter-blog sh-filter-container sh-portfolio-filter-style3 sh-portfolio-filter-style4\">\r\n\t\t\t<div class=\"sh-filter\">\r\n\t\t\t\t<span class=\"sh-filter-item active\">\r\n\t\t\t\t\t<a href=\"https:\/\/mondep.com\/efpc\/nouvelles-evenements\/\" class=\"sh-filter-item-content\">\r\n\t\t\t\t\t\tToutes\t\t\t\t\t<\/a>\r\n\t\t\t\t<\/span>\r\n\r\n\t\t\t\t\r\n\t\t\t\t\t<span class=\"sh-filter-item\">\r\n\t\t\t\t\t\t<a href=\"https:\/\/mondep.com\/efpc\/nouvelles-evenements\/?category=evenements\" class=\"sh-filter-item-content\">\r\n\t\t\t\t\t\t\t\u00c9v\u00e9nements\t\t\t\t\t\t<\/a>\r\n\t\t\t\t\t<\/span>\r\n\r\n\t\t\t\t\r\n\t\t\t\t\t<span class=\"sh-filter-item\">\r\n\t\t\t\t\t\t<a href=\"https:\/\/mondep.com\/efpc\/nouvelles-evenements\/?category=nouvelles\" class=\"sh-filter-item-content\">\r\n\t\t\t\t\t\t\tNouvelles\t\t\t\t\t\t<\/a>\r\n\t\t\t\t\t<\/span>\r\n\r\n\t\t\t\t\t\t\t<\/div>\r\n\t\t<\/div>\r\n\t\r\n\t<div class=\"sh-group blog-list blog-style-masonry\">\r\n\t\t\r\n\t<article id=\"post-5238\" class=\"post-item post-5238 post type-post status-publish format-standard has-post-thumbnail hentry category-evenements category-nouvelles\" itemscope=\"itemscope\" itemtype=\"http:\/\/schema.org\/Article\">\r\n\t\t<div class=\"post-container\">\r\n\t\t\t\r\n\t\t\t<div class=\"post-meta-thumb\">\r\n\t\t\t\t\r\n\t\t\t\t\t\t\t\t\t<img decoding=\"async\" width=\"791\" height=\"1024\" src=\"https:\/\/mondep.com\/efpc\/wp-content\/uploads\/sites\/4\/2026\/01\/Modif-liste-prix_Journees-clientes-25-26_a-partir-6-janvier-2026-1_Page_2-791x1024.jpg\" class=\"attachment-large size-large wp-post-image\" alt=\"\" srcset=\"https:\/\/mondep.com\/efpc\/wp-content\/uploads\/sites\/4\/2026\/01\/Modif-liste-prix_Journees-clientes-25-26_a-partir-6-janvier-2026-1_Page_2-791x1024.jpg 791w, https:\/\/mondep.com\/efpc\/wp-content\/uploads\/sites\/4\/2026\/01\/Modif-liste-prix_Journees-clientes-25-26_a-partir-6-janvier-2026-1_Page_2-232x300.jpg 232w, https:\/\/mondep.com\/efpc\/wp-content\/uploads\/sites\/4\/2026\/01\/Modif-liste-prix_Journees-clientes-25-26_a-partir-6-janvier-2026-1_Page_2-768x994.jpg 768w, https:\/\/mondep.com\/efpc\/wp-content\/uploads\/sites\/4\/2026\/01\/Modif-liste-prix_Journees-clientes-25-26_a-partir-6-janvier-2026-1_Page_2-1187x1536.jpg 1187w, https:\/\/mondep.com\/efpc\/wp-content\/uploads\/sites\/4\/2026\/01\/Modif-liste-prix_Journees-clientes-25-26_a-partir-6-janvier-2026-1_Page_2-1583x2048.jpg 1583w, https:\/\/mondep.com\/efpc\/wp-content\/uploads\/sites\/4\/2026\/01\/Modif-liste-prix_Journees-clientes-25-26_a-partir-6-janvier-2026-1_Page_2-scaled.jpg 1978w\" sizes=\"(max-width: 791px) 100vw, 791px\" title=\"\">\t\t\t\t\r\n\t\t\t\t\r\n        <div class=\"sh-overlay-style1\">\r\n            <div class=\"sh-table-full\">\r\n                                    <a href=\"https:\/\/mondep.com\/efpc\/liste-des-couts-et-des-services-offertes-en-coiffure\/\" class=\"sh-overlay-item sh-table-cell\" title=\"Open the article - Liste des co\u00fbts et des services offertes en Coiffure\">\r\n                        <div class=\"sh-overlay-item-container\">\r\n                            <i class=\"icon-link\"><\/i>\r\n                        <\/div>\r\n                    <\/a>\r\n                \r\n                                    <a href=\"https:\/\/mondep.com\/efpc\/wp-content\/uploads\/sites\/4\/2026\/01\/Modif-liste-prix_Journees-clientes-25-26_a-partir-6-janvier-2026-1_Page_2-791x1024.jpg\" class=\"sh-overlay-item sh-table-cell\" data-rel=\"lightcase\">\r\n                        <div class=\"sh-overlay-item-container\">\r\n                            <i class=\"icon-magnifier-add\"><\/i>\r\n                        <\/div>\r\n                    <\/a>\r\n                            <\/div>\r\n        <\/div>\r\n\r\n    \t\t\t<\/div>\r\n\r\n\t\t\t<div class=\"post-content-container\">\r\n\t\t\t\t<a href=\"https:\/\/mondep.com\/efpc\/liste-des-couts-et-des-services-offertes-en-coiffure\/\" class=\"post-title\">\r\n\t\t\t\t\t<h2 itemprop=\"headline\">\r\n\t\t\t\t\t\t\t\t\t\t\t\tListe des co\u00fbts et des services offertes en Coiffure\t\t\t\t\t<\/h2>\r\n\t\t\t\t<\/a>\r\n\r\n\t\t\t\t<div class=\"post-meta post-meta-one\">\r\n\t\t\t\t\t\r\n        \r\n            <span class=\"post-meta-author\">\r\n                par                                    <a href=\"https:\/\/mondep.com\/efpc\/author\/ffortier\/\" class=\"bypostauthor\" itemprop=\"url\" rel=\"author\">\r\n                        Mon DEP                    <\/a>\r\n                            <\/span>\r\n\r\n        \r\n        \r\n                    <time class=\"updated semantic\" itemprop=\"dateModified\" datetime=\"2026-01-08T18:33:24+00:00\"><\/time>\r\n            <a href=\"https:\/\/mondep.com\/efpc\/liste-des-couts-et-des-services-offertes-en-coiffure\/\" class=\"post-meta-date sh-default-color\">8 janvier 2026<\/a>\r\n        \r\n    \t\t\t\t<\/div>\r\n\r\n\t\t\t\t<div class=\"post-content\" itemprop=\"text\">\r\n\t\t\t\t\t\t\t\t\t<\/div>\r\n\r\n\t\t\t\t<div class=\"post-meta post-meta-two\">\r\n\t\t\t\t\t\r\n        <div class=\"sh-columns post-meta-comments\">\r\n            <span class=\"post-meta-categories\">\r\n                <i class=\"icon-tag\"><\/i>\r\n                <a href=\"https:\/\/mondep.com\/efpc\/categorie\/evenements\/\" rel=\"category tag\">\u00c9v\u00e9nements<\/a>, <a href=\"https:\/\/mondep.com\/efpc\/categorie\/nouvelles\/\" rel=\"category tag\">Nouvelles<\/a>            <\/span>\r\n\r\n                            <div><\/div>\r\n                    <\/div>\r\n\r\n    \t\t\t\t<\/div>\r\n\t\t\t<\/div>\r\n\r\n\t\t<\/div>\r\n\t<\/article>\r\n\r\n\r\n\r\n\t<article id=\"post-5194\" class=\"post-item post-5194 post type-post status-publish format-standard has-post-thumbnail hentry category-evenements category-nouvelles\" itemscope=\"itemscope\" itemtype=\"http:\/\/schema.org\/Article\">\r\n\t\t<div class=\"post-container\">\r\n\t\t\t\r\n\t\t\t<div class=\"post-meta-thumb\">\r\n\t\t\t\t\r\n\t\t\t\t\t\t\t\t\t<img decoding=\"async\" width=\"1024\" height=\"791\" src=\"https:\/\/mondep.com\/efpc\/wp-content\/uploads\/sites\/4\/2025\/11\/Liste-des-couts-et-des-services-offerts-Esthetique-2025-2026-1024x791.jpg\" class=\"attachment-large size-large wp-post-image\" alt=\"\" srcset=\"https:\/\/mondep.com\/efpc\/wp-content\/uploads\/sites\/4\/2025\/11\/Liste-des-couts-et-des-services-offerts-Esthetique-2025-2026-1024x791.jpg 1024w, https:\/\/mondep.com\/efpc\/wp-content\/uploads\/sites\/4\/2025\/11\/Liste-des-couts-et-des-services-offerts-Esthetique-2025-2026-300x232.jpg 300w, https:\/\/mondep.com\/efpc\/wp-content\/uploads\/sites\/4\/2025\/11\/Liste-des-couts-et-des-services-offerts-Esthetique-2025-2026-768x594.jpg 768w, https:\/\/mondep.com\/efpc\/wp-content\/uploads\/sites\/4\/2025\/11\/Liste-des-couts-et-des-services-offerts-Esthetique-2025-2026-1536x1187.jpg 1536w, https:\/\/mondep.com\/efpc\/wp-content\/uploads\/sites\/4\/2025\/11\/Liste-des-couts-et-des-services-offerts-Esthetique-2025-2026-2048x1583.jpg 2048w\" sizes=\"(max-width: 1024px) 100vw, 1024px\" title=\"\">\t\t\t\t\r\n\t\t\t\t\r\n        <div class=\"sh-overlay-style1\">\r\n            <div class=\"sh-table-full\">\r\n                                    <a href=\"https:\/\/mondep.com\/efpc\/liste-des-couts-et-des-services-offerts-esthetique-2025-2026\/\" class=\"sh-overlay-item sh-table-cell\" title=\"Open the article - Liste des co\u00fbts et des services offerts Esth\u00e9tique (2025-2026)\">\r\n                        <div class=\"sh-overlay-item-container\">\r\n                            <i class=\"icon-link\"><\/i>\r\n                        <\/div>\r\n                    <\/a>\r\n                \r\n                                    <a href=\"https:\/\/mondep.com\/efpc\/wp-content\/uploads\/sites\/4\/2025\/11\/Liste-des-couts-et-des-services-offerts-Esthetique-2025-2026-1024x791.jpg\" class=\"sh-overlay-item sh-table-cell\" data-rel=\"lightcase\">\r\n                        <div class=\"sh-overlay-item-container\">\r\n                            <i class=\"icon-magnifier-add\"><\/i>\r\n                        <\/div>\r\n                    <\/a>\r\n                            <\/div>\r\n        <\/div>\r\n\r\n    \t\t\t<\/div>\r\n\r\n\t\t\t<div class=\"post-content-container\">\r\n\t\t\t\t<a href=\"https:\/\/mondep.com\/efpc\/liste-des-couts-et-des-services-offerts-esthetique-2025-2026\/\" class=\"post-title\">\r\n\t\t\t\t\t<h2 itemprop=\"headline\">\r\n\t\t\t\t\t\t\t\t\t\t\t\tListe des co\u00fbts et des services offerts Esth\u00e9tique (2025-2026)\t\t\t\t\t<\/h2>\r\n\t\t\t\t<\/a>\r\n\r\n\t\t\t\t<div class=\"post-meta post-meta-one\">\r\n\t\t\t\t\t\r\n        \r\n            <span class=\"post-meta-author\">\r\n                par                                    <a href=\"https:\/\/mondep.com\/efpc\/author\/ffortier\/\" class=\"bypostauthor\" itemprop=\"url\" rel=\"author\">\r\n                        Mon DEP                    <\/a>\r\n                            <\/span>\r\n\r\n        \r\n        \r\n                    <time class=\"updated semantic\" itemprop=\"dateModified\" datetime=\"2025-11-24T14:28:31+00:00\"><\/time>\r\n            <a href=\"https:\/\/mondep.com\/efpc\/liste-des-couts-et-des-services-offerts-esthetique-2025-2026\/\" class=\"post-meta-date sh-default-color\">24 novembre 2025<\/a>\r\n        \r\n    \t\t\t\t<\/div>\r\n\r\n\t\t\t\t<div class=\"post-content\" itemprop=\"text\">\r\n\t\t\t\t\t\t\t\t\t<\/div>\r\n\r\n\t\t\t\t<div class=\"post-meta post-meta-two\">\r\n\t\t\t\t\t\r\n        <div class=\"sh-columns post-meta-comments\">\r\n            <span class=\"post-meta-categories\">\r\n                <i class=\"icon-tag\"><\/i>\r\n                <a href=\"https:\/\/mondep.com\/efpc\/categorie\/evenements\/\" rel=\"category tag\">\u00c9v\u00e9nements<\/a>, <a href=\"https:\/\/mondep.com\/efpc\/categorie\/nouvelles\/\" rel=\"category tag\">Nouvelles<\/a>            <\/span>\r\n\r\n                            <div><\/div>\r\n                    <\/div>\r\n\r\n    \t\t\t\t<\/div>\r\n\t\t\t<\/div>\r\n\r\n\t\t<\/div>\r\n\t<\/article>\r\n\r\n\r\n\t<\/div>\r\n\r\n\t\t\t\t<\/div>\r\n\r\n<div class=\"sh-empty-space\" id=\"empty-space-b9dbfc3b884af8b856793e72280a00f4\"><\/div>\r\n\t<\/div>\r\n\r\n\r\n\t\t\r\n\r\n<\/div>\r\n<\/div>\n\n\t<\/div>\r\n<\/section>\r\n\r\n<section class=\"sh-section sh-section-644a14911812415b066f28e17a7a1dd9 fw-main-row sh-section-visibility-everywhere\">\r\n\t\r\n\t\r\n\t<div class=\"sh-section-container container-fluid section-justify-height sh-section-mobile-alignment-center\">\r\n\t\t<div class=\"fw-row\">\n\t\r\n<div class=\"sh-column sh-column-923e7d9dc3d11d047f087d4c70c70ea2 fw-col-xs-12 fw-col-sm-2\" >\r\n\r\n\t\r\n\t<div class=\"sh-column-wrapper\">\r\n\t\t\t<\/div>\r\n\r\n\r\n\t\t\r\n\r\n<\/div>\r\n\r\n<div class=\"sh-column sh-column-bd79e12168117e5ef60e2c2814f33c04 fw-col-xs-12 fw-col-sm-4\" >\r\n\r\n\t\r\n\t<div class=\"sh-column-wrapper\">\r\n\t\t\r\n\r\n\t<div class=\"sh-heading sh-heading-style1\" id=\"heading-09e2aef3f9cdbacdb7efecebc2f77001\">\r\n\t\t<h3 class=\"sh-heading-content size-xl\">\r\n\t\t\t<h2 style=\"text-align: right;\"><strong>Archives<\/strong><\/h2>\t\t<\/h3>\r\n\t<\/div>\r\n\r\n\r\n<div id=\"text-block-4772b72886418059c7a39aa2b7db35b5\" class=\"sh-text-block\">\r\n\t<p style=\"text-align: right;\">Vous croyez avoir manqu\u00e9 une annonce sur notre fil d'actualit\u00e9s? Consultez alors la liste compl\u00e8te de nos archives ainsi que de nos \u00e9v\u00e9nements qui ont eu lieux.<\/p><\/div>\r\n\t<\/div>\r\n\r\n\r\n\t\t\r\n\r\n<\/div>\r\n\r\n<div class=\"sh-column sh-column-06b7fab1ae1282132e6f903335f77184 fw-col-xs-12 fw-col-sm-6\" >\r\n\r\n\t\r\n\t<div class=\"sh-column-wrapper\">\r\n\t\t\r\n<div id=\"button-60d6f65d07acd11651f5e85b2b8436bb\" class=\"sh-button-container  sh-button-style-1\">\r\n\t<div class=\"sh-element-margin\">\r\n\t\t<a href=\"https:\/\/mondep.com\/efpc\/actualites\" target=\"_self\" class=\"sh-button sh-button-medium \">\r\n\r\n\t\t\t\r\n\t\t\t\t\t\t\t<span class=\"sh-button-text\">\r\n\t\t\t\t\tConsulter les publications\t\t\t\t<\/span>\r\n\t\t\t\r\n\t\t\t\r\n\t\t<\/a>\r\n\t\t\t<\/div>\r\n<\/div>\r\n\t<\/div>\r\n\r\n\r\n\t\t\r\n\r\n<\/div>\r\n<\/div>\n\n\t<\/div>\r\n<\/section>\r\n<\/p>\n","protected":false},"excerpt":{"rendered":"","protected":false},"author":1,"featured_media":0,"parent":0,"menu_order":0,"comment_status":"closed","ping_status":"closed","template":"","meta":{"inline_featured_image":false,"_monsterinsights_skip_tracking":false,"_monsterinsights_sitenote_active":false,"_monsterinsights_sitenote_note":"","_monsterinsights_sitenote_category":0,"footnotes":""},"class_list":["post-3332","page","type-page","status-publish","hentry"],"_links":{"self":[{"href":"https:\/\/mondep.com\/efpc\/wp-json\/wp\/v2\/pages\/3332","targetHints":{"allow":["GET"]}}],"collection":[{"href":"https:\/\/mondep.com\/efpc\/wp-json\/wp\/v2\/pages"}],"about":[{"href":"https:\/\/mondep.com\/efpc\/wp-json\/wp\/v2\/types\/page"}],"author":[{"embeddable":true,"href":"https:\/\/mondep.com\/efpc\/wp-json\/wp\/v2\/users\/1"}],"replies":[{"embeddable":true,"href":"https:\/\/mondep.com\/efpc\/wp-json\/wp\/v2\/comments?post=3332"}],"version-history":[{"count":6,"href":"https:\/\/mondep.com\/efpc\/wp-json\/wp\/v2\/pages\/3332\/revisions"}],"predecessor-version":[{"id":3634,"href":"https:\/\/mondep.com\/efpc\/wp-json\/wp\/v2\/pages\/3332\/revisions\/3634"}],"wp:attachment":[{"href":"https:\/\/mondep.com\/efpc\/wp-json\/wp\/v2\/media?parent=3332"}],"curies":[{"name":"wp","href":"https:\/\/api.w.org\/{rel}","templated":true}]}}