{"id":3711,"date":"2021-06-10T09:21:56","date_gmt":"2021-06-10T13:21:56","guid":{"rendered":"https:\/\/mondep.com\/efpc\/sarca-copy\/"},"modified":"2024-11-06T14:28:41","modified_gmt":"2024-11-06T19:28:41","slug":"plan-de-lutte-contre-lintimidation-et-la-violence","status":"publish","type":"page","link":"https:\/\/mondep.com\/efpc\/plan-de-lutte-contre-lintimidation-et-la-violence\/","title":{"rendered":"Plan de lutte contre l&rsquo;intimidation et la violence"},"content":{"rendered":"\r\n<section class=\"sh-section sh-section-cf803ba4a14d87fe6666581485e0f377 fw-main-row sh-section-visibility-everywhere\">\r\n\t\r\n\t\r\n\t<div class=\"sh-section-container container-fluid section-justify-height\">\r\n\t\t<div class=\"fw-row\">\n\t\r\n<div class=\"sh-column sh-column-448f9a015f09819328d3c396a8563814 fw-col-xs-12 fw-col-sm-6 sh-column-mobile-padding\" >\r\n\r\n\t\r\n\t<div class=\"sh-column-wrapper\">\r\n\t\t\r\n\r\n\t<div class=\"sh-heading sh-heading-style1\" id=\"heading-84fb4529fc830bc11859d890a85d74da\">\r\n\t\t<h1 class=\"sh-heading-content size-xs\">\r\n\t\t\t<div id=\"heading-232ebbd4607578874b0c815eebd5bc63\" class=\"sh-heading sh-heading-style1\"><span class=\"sh-heading-content size-xs\" style=\"text-align: center;\"><strong>Osons faire la diff\u00e9rence!<\/strong><\/span><\/div>\t\t<\/h1>\r\n\t<\/div>\r\n\r\n\r\n<div class=\"sh-empty-space\" id=\"empty-space-b182d15c015ee174bb4a11fd917574fb\"><\/div>\r\n\r\n\r\n\t<div class=\"sh-heading sh-heading-style1\" id=\"heading-84bcd9aa95b58980ddf98defca400340\">\r\n\t\t<h1 class=\"sh-heading-content size-xl\">\r\n\t\t\t<span style=\"text-align: center;\">ENSEMBLE CONTRE L'INTIMIDATION<\/span>\t\t<\/h1>\r\n\t<\/div>\r\n\r\n\r\n<div class=\"sh-empty-space\" id=\"empty-space-d6dab3b2d07b064f6015abb3a59ac013\"><\/div>\r\n\r\n<div id=\"text-block-f22afedc415aa024af135ca58c6ad2a3\" class=\"sh-text-block\">\r\n\t<p style=\"text-align: center;\">Chers parents, Chers \u00e9l\u00e8ves,<\/p><p style=\"text-align: center;\">Les modifications apport\u00e9es \u00e0 la Loi sur l\u2019instruction publique, en vigueur depuis juin 2012, obligent chaque \u00e9tablissement d\u2019enseignement \u00e0 se doter d\u2019un plan de lutte contre l\u2019intimidation et la violence.<\/p><p style=\"text-align: center;\">Pour les centres de formation professionnelle, cette obligation est pr\u00e9sente depuis cette ann\u00e9e. Teint\u00e9 des valeurs de respect, d\u2019\u00e9quit\u00e9 et de responsabilit\u00e9, notre plan de lutte fait \u00e9tat de nos objectifs annuels et des actions qui en d\u00e9coulent.<\/p><p style=\"text-align: center;\">Nous croyons que l\u2019engagement des membres de l\u2019\u00e9quipe-\u00e9cole nous permettra de poser des actions concr\u00e8tes en termes de pr\u00e9vention et de bienveillance. Notre priorit\u00e9 est de cr\u00e9er un milieu sain et s\u00e9curitaire pour l\u2019ensemble de nos \u00e9l\u00e8ves et des membres du personnel.<\/p><\/div>\r\n\t<\/div>\r\n\r\n\r\n\t\t\r\n\r\n<\/div>\r\n\r\n<div class=\"sh-column sh-column-4c777841c2cf4524d5f6c274a48a929e fw-col-xs-12 fw-col-sm-6 sh-column-mobile-padding\" >\r\n\r\n\t\r\n\t<div class=\"sh-column-wrapper\">\r\n\t\t\r\n<div id=\"button-1b03127e6b8c8468d9e4383cf4487bd3\" class=\"sh-button-container  sh-button-style-1\">\r\n\t<div class=\"sh-element-margin\">\r\n\t\t<a href=\"https:\/\/o365csdgs-my.sharepoint.com\/:b:\/g\/personal\/frederick_fortier_cssdgs_gouv_qc_ca\/EYfTdpVZ_39FttL-9q7yLcsBM_4-6bPQVNR36ZGbXDmN0Q?e=DgPl7P\" target=\"_blank\" class=\"sh-button sh-button-large sh-button-icon-left\" rel=\"noopener\">\r\n\r\n\t\t\t\t\t\t\t<span class=\"sh-button-icon\">\r\n\t\t\t\t\t<i class=\"fa fa-file-pdf-o\"><\/i>\r\n\t\t\t\t<\/span>\r\n\t\t\t\r\n\t\t\t\t\t\t\t<span class=\"sh-button-text\">\r\n\t\t\t\t\tT\u00c9L\u00c9CHARGER LE PLAN DE LUTTE\t\t\t\t<\/span>\r\n\t\t\t\r\n\t\t\t\r\n\t\t<\/a>\r\n\t\t\t<\/div>\r\n<\/div>\r\n\r\n<div class=\"sh-empty-space\" id=\"empty-space-03b4777ad68e7c53d5af0bc4a4a9211b\"><\/div>\r\n\r\n<div id=\"button-804b459523f9582b2853c763f1abc443\" class=\"sh-button-container  sh-button-style-1\">\r\n\t<div class=\"sh-element-margin\">\r\n\t\t<a href=\"https:\/\/forms.office.com\/Pages\/ResponsePage.aspx?id=ROmSjqz7r0qDi2rOzIAlr5c33-0FmLpEno3yaVptfqBURTZFMTNFTzROTEpGNko3TktIVktPNk9SMC4u\" target=\"_blank\" class=\"sh-button sh-button-large sh-button-icon-left\" rel=\"noopener\">\r\n\r\n\t\t\t\t\t\t\t<span class=\"sh-button-icon\">\r\n\t\t\t\t\t<i class=\"fa fa-external-link-square\"><\/i>\r\n\t\t\t\t<\/span>\r\n\t\t\t\r\n\t\t\t\t\t\t\t<span class=\"sh-button-text\">\r\n\t\t\t\t\tFORMULAIRE DE SIGNALEMENT   &gt;\t\t\t\t<\/span>\r\n\t\t\t\r\n\t\t\t\r\n\t\t<\/a>\r\n\t\t\t<\/div>\r\n<\/div>\r\n\t<\/div>\r\n\r\n\r\n\t\t\r\n\r\n<\/div>\r\n<\/div>\n\n\t<\/div>\r\n<\/section>\r\n\n","protected":false},"excerpt":{"rendered":"<p>Osons faire la diff\u00e9rence! ENSEMBLE CONTRE L&rsquo;INTIMIDATION Chers parents, Chers \u00e9l\u00e8ves,Les modifications apport\u00e9es \u00e0 la Loi sur l\u2019instruction publique, en vigueur depuis juin 2012, obligent chaque \u00e9tablissement d\u2019enseignement \u00e0 se doter d\u2019un plan de lutte contre l\u2019intimidation et la violence.Pour les centres de formation professionnelle,&#8230;<\/p>\n","protected":false},"author":1,"featured_media":0,"parent":0,"menu_order":0,"comment_status":"closed","ping_status":"closed","template":"","meta":{"inline_featured_image":false,"_monsterinsights_skip_tracking":false,"_monsterinsights_sitenote_active":false,"_monsterinsights_sitenote_note":"","_monsterinsights_sitenote_category":0,"footnotes":""},"class_list":["post-3711","page","type-page","status-publish","hentry"],"_links":{"self":[{"href":"https:\/\/mondep.com\/efpc\/wp-json\/wp\/v2\/pages\/3711","targetHints":{"allow":["GET"]}}],"collection":[{"href":"https:\/\/mondep.com\/efpc\/wp-json\/wp\/v2\/pages"}],"about":[{"href":"https:\/\/mondep.com\/efpc\/wp-json\/wp\/v2\/types\/page"}],"author":[{"embeddable":true,"href":"https:\/\/mondep.com\/efpc\/wp-json\/wp\/v2\/users\/1"}],"replies":[{"embeddable":true,"href":"https:\/\/mondep.com\/efpc\/wp-json\/wp\/v2\/comments?post=3711"}],"version-history":[{"count":6,"href":"https:\/\/mondep.com\/efpc\/wp-json\/wp\/v2\/pages\/3711\/revisions"}],"predecessor-version":[{"id":4802,"href":"https:\/\/mondep.com\/efpc\/wp-json\/wp\/v2\/pages\/3711\/revisions\/4802"}],"wp:attachment":[{"href":"https:\/\/mondep.com\/efpc\/wp-json\/wp\/v2\/media?parent=3711"}],"curies":[{"name":"wp","href":"https:\/\/api.w.org\/{rel}","templated":true}]}}