{"id":4020,"date":"2022-09-26T10:37:18","date_gmt":"2022-09-26T14:37:18","guid":{"rendered":"https:\/\/mondep.com\/efpc\/sarca-copy\/"},"modified":"2025-05-27T08:49:03","modified_gmt":"2025-05-27T12:49:03","slug":"calendrier","status":"publish","type":"page","link":"https:\/\/mondep.com\/efpc\/calendrier\/","title":{"rendered":"Calendrier"},"content":{"rendered":"<p>\r\n<section class=\"sh-section sh-section-cf803ba4a14d87fe6666581485e0f377 fw-main-row sh-section-visibility-everywhere\">\r\n\t\r\n\t\r\n\t<div class=\"sh-section-container container-fluid section-justify-height\">\r\n\t\t<div class=\"fw-row\">\n\t\r\n<div class=\"sh-column sh-column-448f9a015f09819328d3c396a8563814 fw-col-xs-12 fw-col-sm-6 sh-column-mobile-padding\" >\r\n\r\n\t\r\n\t<div class=\"sh-column-wrapper\">\r\n\t\t\r\n\r\n\t<div class=\"sh-heading sh-heading-style1\" id=\"heading-84fb4529fc830bc11859d890a85d74da\">\r\n\t\t<h1 class=\"sh-heading-content size-xs\">\r\n\t\t\t<div id=\"heading-232ebbd4607578874b0c815eebd5bc63\" class=\"sh-heading sh-heading-style1\"><span class=\"sh-heading-content size-xs\" style=\"text-align: center;\"><strong>2024-2025<\/strong><\/span><\/div>\t\t<\/h1>\r\n\t<\/div>\r\n\r\n\r\n<div class=\"sh-empty-space\" id=\"empty-space-b182d15c015ee174bb4a11fd917574fb\"><\/div>\r\n\r\n\r\n\t<div class=\"sh-heading sh-heading-style1\" id=\"heading-84bcd9aa95b58980ddf98defca400340\">\r\n\t\t<h2 class=\"sh-heading-content size-xl\">\r\n\t\t\t<span style=\"text-align: center;\">Calendrier scolaire<\/span>\t\t<\/h2>\r\n\t<\/div>\r\n\r\n\r\n<div class=\"sh-empty-space\" id=\"empty-space-d6dab3b2d07b064f6015abb3a59ac013\"><\/div>\r\n\r\n<div id=\"text-block-f22afedc415aa024af135ca58c6ad2a3\" class=\"sh-text-block\">\r\n\t<p style=\"text-align: center;\">Consultez le calendrier scolaire pour l'ann\u00e9e en cours.<\/p><\/div>\r\n\t<\/div>\r\n\r\n\r\n\t\t\r\n\r\n<\/div>\r\n\r\n<div class=\"sh-column sh-column-4c777841c2cf4524d5f6c274a48a929e fw-col-xs-12 fw-col-sm-6 sh-column-mobile-padding\" >\r\n\r\n\t\r\n\t<div class=\"sh-column-wrapper\">\r\n\t\t\r\n<div id=\"button-1b03127e6b8c8468d9e4383cf4487bd3\" class=\"sh-button-container  sh-button-style-1\">\r\n\t<div class=\"sh-element-margin\">\r\n\t\t<a href=\"https:\/\/mondep.com\/efpc\/wp-content\/uploads\/sites\/4\/2024\/08\/CALENDRIER-SCOLAIRE-2024-2025-EFPC-2.pdf\" target=\"_blank\" class=\"sh-button sh-button-large sh-button-icon-left\">\r\n\r\n\t\t\t\t\t\t\t<span class=\"sh-button-icon\">\r\n\t\t\t\t\t<i class=\"fa fa-file-pdf-o\"><\/i>\r\n\t\t\t\t<\/span>\r\n\t\t\t\r\n\t\t\t\t\t\t\t<span class=\"sh-button-text\">\r\n\t\t\t\t\tT\u00c9L\u00c9CHARGER LE CALENDRIER\t\t\t\t<\/span>\r\n\t\t\t\r\n\t\t\t\r\n\t\t<\/a>\r\n\t\t\t<\/div>\r\n<\/div>\r\n\t<\/div>\r\n\r\n\r\n\t\t\r\n\r\n<\/div>\r\n<\/div>\n\n\t<\/div>\r\n<\/section>\r\n\r\n<section class=\"sh-section sh-section-4fbb052872a59c9a6022a12518ce5f64 fw-main-row sh-section-visibility-everywhere\">\r\n\t\r\n\t\r\n\t<div class=\"sh-section-container container-fluid section-justify-height\">\r\n\t\t<div class=\"fw-row\">\n\t\r\n<div class=\"sh-column sh-column-3abcd3c9e9fde729e082524b1e09f71c fw-col-xs-12 fw-col-sm-6 sh-column-mobile-padding\" >\r\n\r\n\t\r\n\t<div class=\"sh-column-wrapper\">\r\n\t\t\r\n\r\n\t<div class=\"sh-heading sh-heading-style1\" id=\"heading-e0b73be9ca36c0b9f86a9672eab39702\">\r\n\t\t<h1 class=\"sh-heading-content size-xs\">\r\n\t\t\t<div id=\"heading-232ebbd4607578874b0c815eebd5bc63\" class=\"sh-heading sh-heading-style1\"><span class=\"sh-heading-content size-xs\" style=\"text-align: center;\"><strong>2025-2026<\/strong><\/span><\/div>\t\t<\/h1>\r\n\t<\/div>\r\n\r\n\r\n<div class=\"sh-empty-space\" id=\"empty-space-d7a2f7ba287dd2486ba797e55ecf5613\"><\/div>\r\n\r\n\r\n\t<div class=\"sh-heading sh-heading-style1\" id=\"heading-32dec5e2af7730f7a84b3d98f4ddfe89\">\r\n\t\t<h2 class=\"sh-heading-content size-xl\">\r\n\t\t\t<span style=\"text-align: center;\">Calendrier scolaire<\/span>\t\t<\/h2>\r\n\t<\/div>\r\n\r\n\r\n<div class=\"sh-empty-space\" id=\"empty-space-0572f5f604a52ec41ce9b3a129edd888\"><\/div>\r\n\r\n<div id=\"text-block-0f6626cbdd6fb70a36410a5ac8bc9e12\" class=\"sh-text-block\">\r\n\t<p style=\"text-align: center;\">Consultez le calendrier scolaire pour l'ann\u00e9e en cours.<\/p><\/div>\r\n\t<\/div>\r\n\r\n\r\n\t\t\r\n\r\n<\/div>\r\n\r\n<div class=\"sh-column sh-column-bcf1380e2946effd8c8ab19ff857ccd8 fw-col-xs-12 fw-col-sm-6 sh-column-mobile-padding\" >\r\n\r\n\t\r\n\t<div class=\"sh-column-wrapper\">\r\n\t\t\r\n<div id=\"button-08e40959689713697bf6a5c1694f5f4d\" class=\"sh-button-container  sh-button-style-1\">\r\n\t<div class=\"sh-element-margin\">\r\n\t\t<a href=\"https:\/\/mondep.com\/efpc\/wp-content\/uploads\/sites\/4\/2025\/05\/Calendrier_scolaire-EFPC-25-26-1-mai-2025.pdf\" target=\"_blank\" class=\"sh-button sh-button-large sh-button-icon-left\">\r\n\r\n\t\t\t\t\t\t\t<span class=\"sh-button-icon\">\r\n\t\t\t\t\t<i class=\"fa fa-file-pdf-o\"><\/i>\r\n\t\t\t\t<\/span>\r\n\t\t\t\r\n\t\t\t\t\t\t\t<span class=\"sh-button-text\">\r\n\t\t\t\t\tT\u00c9L\u00c9CHARGER LE CALENDRIER\t\t\t\t<\/span>\r\n\t\t\t\r\n\t\t\t\r\n\t\t<\/a>\r\n\t\t\t<\/div>\r\n<\/div>\r\n\t<\/div>\r\n\r\n\r\n\t\t\r\n\r\n<\/div>\r\n<\/div>\n\n\t<\/div>\r\n<\/section>\r\n<\/p>\n","protected":false},"excerpt":{"rendered":"<p>2024-2025 Calendrier scolaire Consultez le calendrier scolaire pour l&rsquo;ann\u00e9e en cours. T\u00c9L\u00c9CHARGER LE CALENDRIER 2025-2026 Calendrier scolaire Consultez le calendrier scolaire pour l&rsquo;ann\u00e9e en cours. T\u00c9L\u00c9CHARGER LE CALENDRIER<\/p>\n","protected":false},"author":1,"featured_media":0,"parent":0,"menu_order":0,"comment_status":"closed","ping_status":"closed","template":"","meta":{"inline_featured_image":false,"_monsterinsights_skip_tracking":false,"_monsterinsights_sitenote_active":false,"_monsterinsights_sitenote_note":"","_monsterinsights_sitenote_category":0,"footnotes":""},"class_list":["post-4020","page","type-page","status-publish","hentry"],"_links":{"self":[{"href":"https:\/\/mondep.com\/efpc\/wp-json\/wp\/v2\/pages\/4020","targetHints":{"allow":["GET"]}}],"collection":[{"href":"https:\/\/mondep.com\/efpc\/wp-json\/wp\/v2\/pages"}],"about":[{"href":"https:\/\/mondep.com\/efpc\/wp-json\/wp\/v2\/types\/page"}],"author":[{"embeddable":true,"href":"https:\/\/mondep.com\/efpc\/wp-json\/wp\/v2\/users\/1"}],"replies":[{"embeddable":true,"href":"https:\/\/mondep.com\/efpc\/wp-json\/wp\/v2\/comments?post=4020"}],"version-history":[{"count":6,"href":"https:\/\/mondep.com\/efpc\/wp-json\/wp\/v2\/pages\/4020\/revisions"}],"predecessor-version":[{"id":5091,"href":"https:\/\/mondep.com\/efpc\/wp-json\/wp\/v2\/pages\/4020\/revisions\/5091"}],"wp:attachment":[{"href":"https:\/\/mondep.com\/efpc\/wp-json\/wp\/v2\/media?parent=4020"}],"curies":[{"name":"wp","href":"https:\/\/api.w.org\/{rel}","templated":true}]}}