{"id":4486,"date":"2023-11-02T11:48:20","date_gmt":"2023-11-02T15:48:20","guid":{"rendered":"https:\/\/mondep.com\/efpc\/plan-de-lutte-contre-lintimidation-et-la-violence-copy\/"},"modified":"2023-11-06T14:24:28","modified_gmt":"2023-11-06T19:24:28","slug":"plan-de-lutte-contre-lintimidation-et-la-violence-copy","status":"publish","type":"page","link":"https:\/\/mondep.com\/efpc\/plan-de-lutte-contre-lintimidation-et-la-violence-copy\/","title":{"rendered":"Projet \u00e9ducatif 2023-2027"},"content":{"rendered":"\r\n<section class=\"sh-section sh-section-cf803ba4a14d87fe6666581485e0f377 fw-main-row sh-section-visibility-everywhere\">\r\n\t\r\n\t\r\n\t<div class=\"sh-section-container container-fluid section-justify-height\">\r\n\t\t<div class=\"fw-row\">\n\t\r\n<div class=\"sh-column sh-column-4c777841c2cf4524d5f6c274a48a929e fw-col-xs-12 fw-col-sm-6 sh-column-mobile-padding\" >\r\n\r\n\t\r\n\t<div class=\"sh-column-wrapper\">\r\n\t\t\r\n<div id=\"button-1b03127e6b8c8468d9e4383cf4487bd3\" class=\"sh-button-container  sh-button-style-1\">\r\n\t<div class=\"sh-element-margin\">\r\n\t\t<a href=\"https:\/\/o365csdgs-my.sharepoint.com\/:b:\/g\/personal\/frederick_fortier_cssdgs_gouv_qc_ca\/EWIwSjF8cxBFslTz-rPFKC4BGl4dxHDI5lHW2imsAB3Piw?e=vzLv0f\" target=\"_blank\" class=\"sh-button sh-button-large sh-button-icon-left\" rel=\"noopener\">\r\n\r\n\t\t\t\t\t\t\t<span class=\"sh-button-icon\">\r\n\t\t\t\t\t<i class=\"fa fa-file-pdf-o\"><\/i>\r\n\t\t\t\t<\/span>\r\n\t\t\t\r\n\t\t\t\t\t\t\t<span class=\"sh-button-text\">\r\n\t\t\t\t\tT\u00c9L\u00c9CHARGER LE PROJET \u00c9DUCATIF\t\t\t\t<\/span>\r\n\t\t\t\r\n\t\t\t\r\n\t\t<\/a>\r\n\t\t\t<\/div>\r\n<\/div>\r\n\t<\/div>\r\n\r\n\r\n\t\t\r\n\r\n<\/div>\r\n<\/div>\n\n\t<\/div>\r\n<\/section>\r\n\n","protected":false},"excerpt":{"rendered":"<p>T\u00c9L\u00c9CHARGER LE PROJET \u00c9DUCATIF<\/p>\n","protected":false},"author":5,"featured_media":0,"parent":0,"menu_order":0,"comment_status":"closed","ping_status":"closed","template":"","meta":{"inline_featured_image":false,"_monsterinsights_skip_tracking":false,"_monsterinsights_sitenote_active":false,"_monsterinsights_sitenote_note":"","_monsterinsights_sitenote_category":0,"footnotes":""},"class_list":["post-4486","page","type-page","status-publish","hentry"],"_links":{"self":[{"href":"https:\/\/mondep.com\/efpc\/wp-json\/wp\/v2\/pages\/4486","targetHints":{"allow":["GET"]}}],"collection":[{"href":"https:\/\/mondep.com\/efpc\/wp-json\/wp\/v2\/pages"}],"about":[{"href":"https:\/\/mondep.com\/efpc\/wp-json\/wp\/v2\/types\/page"}],"author":[{"embeddable":true,"href":"https:\/\/mondep.com\/efpc\/wp-json\/wp\/v2\/users\/5"}],"replies":[{"embeddable":true,"href":"https:\/\/mondep.com\/efpc\/wp-json\/wp\/v2\/comments?post=4486"}],"version-history":[{"count":3,"href":"https:\/\/mondep.com\/efpc\/wp-json\/wp\/v2\/pages\/4486\/revisions"}],"predecessor-version":[{"id":4496,"href":"https:\/\/mondep.com\/efpc\/wp-json\/wp\/v2\/pages\/4486\/revisions\/4496"}],"wp:attachment":[{"href":"https:\/\/mondep.com\/efpc\/wp-json\/wp\/v2\/media?parent=4486"}],"curies":[{"name":"wp","href":"https:\/\/api.w.org\/{rel}","templated":true}]}}